{"id":100255,"date":"2025-11-05T00:05:19","date_gmt":"2025-11-05T00:05:19","guid":{"rendered":"https:\/\/promis.ro\/product\/faluk\/"},"modified":"2025-11-11T19:06:22","modified_gmt":"2025-11-11T19:06:22","slug":"faluk","status":"publish","type":"product","link":"https:\/\/promis.ro\/ro\/produs\/faluk\/","title":{"rendered":"Faluk"},"content":{"rendered":"<p>Pereche de rachete de plaj\u0103 de \u00eenalt\u0103 calitate din lemn natural, cu o gam\u0103 variat\u0103 de tonuri str\u0103lucitoare. Cu m\u00e2ner \u00eent\u0103rit \u00een culoare asortat\u0103 \u0219i prezentate \u00eentr-un sac din plas\u0103 cu minge.<\/p>","protected":false},"excerpt":{"rendered":"<p>Pereche de rachete de plaj\u0103 de \u00eenalt\u0103 calitate din lemn natural, cu o gam\u0103 variat\u0103 de tonuri str\u0103lucitoare. Cu m\u00e2ner<\/p>","protected":false},"featured_media":149538,"comment_status":"open","ping_status":"closed","template":"","meta":[],"product_brand":[],"product_cat":[188],"product_tag":[],"class_list":{"0":"post-100255","1":"product","2":"type-product","3":"status-publish","4":"has-post-thumbnail","6":"product_cat-vara-si-plaja","8":"first","9":"instock","10":"shipping-taxable","11":"purchasable","12":"product-type-variable"},"yoast_head":"<!-- This site is optimized with the Yoast SEO plugin v27.4 - https:\/\/yoast.com\/product\/yoast-seo-wordpress\/ -->\n<title>Faluk - Promis.ro<\/title>\n<meta name=\"description\" content=\"Pereche de rachete de plaj\u0103 de \u00eenalt\u0103 calitate din lemn natural, cu o gam\u0103 variat\u0103 de tonuri str\u0103lucitoare. Cu m\u00e2ner \u00eent\u0103rit \u00een culoare asortat\u0103 \u0219i\" \/>\n<meta name=\"robots\" content=\"index, follow, max-snippet:-1, max-image-preview:large, max-video-preview:-1\" \/>\n<link rel=\"canonical\" href=\"https:\/\/promis.ro\/ro\/produs\/faluk\/\" \/>\n<meta property=\"og:locale\" content=\"ro_RO\" \/>\n<meta property=\"og:type\" content=\"article\" \/>\n<meta property=\"og:title\" content=\"Faluk - Promis.ro\" \/>\n<meta property=\"og:description\" content=\"Pereche de rachete de plaj\u0103 de \u00eenalt\u0103 calitate din lemn natural, cu o gam\u0103 variat\u0103 de tonuri str\u0103lucitoare. Cu m\u00e2ner \u00eent\u0103rit \u00een culoare asortat\u0103 \u0219i\" \/>\n<meta property=\"og:url\" content=\"https:\/\/promis.ro\/ro\/produs\/faluk\/\" \/>\n<meta property=\"og:site_name\" content=\"Promis.ro\" \/>\n<meta property=\"article:modified_time\" content=\"2025-11-11T19:06:22+00:00\" \/>\n<meta property=\"og:image\" content=\"https:\/\/promis.ro\/wp-content\/uploads\/2025\/11\/4804-W-1.jpg\" \/>\n\t<meta property=\"og:image:width\" content=\"1080\" \/>\n\t<meta property=\"og:image:height\" content=\"1080\" \/>\n\t<meta property=\"og:image:type\" content=\"image\/jpeg\" \/>\n<meta name=\"twitter:card\" content=\"summary_large_image\" \/>\n<script type=\"application\/ld+json\" class=\"yoast-schema-graph\">{\"@context\":\"https:\\\/\\\/schema.org\",\"@graph\":[{\"@type\":\"WebPage\",\"@id\":\"https:\\\/\\\/promis.ro\\\/product\\\/faluk\\\/\",\"url\":\"https:\\\/\\\/promis.ro\\\/product\\\/faluk\\\/\",\"name\":\"Faluk - Promis.ro\",\"isPartOf\":{\"@id\":\"https:\\\/\\\/promis.ro\\\/#website\"},\"primaryImageOfPage\":{\"@id\":\"https:\\\/\\\/promis.ro\\\/product\\\/faluk\\\/#primaryimage\"},\"image\":{\"@id\":\"https:\\\/\\\/promis.ro\\\/product\\\/faluk\\\/#primaryimage\"},\"thumbnailUrl\":\"https:\\\/\\\/promis.ro\\\/wp-content\\\/uploads\\\/2025\\\/11\\\/4804-W-1.jpg\",\"datePublished\":\"2025-11-05T00:05:19+00:00\",\"dateModified\":\"2025-11-11T19:06:22+00:00\",\"description\":\"Pereche de rachete de plaj\u0103 de \u00eenalt\u0103 calitate din lemn natural, cu o gam\u0103 variat\u0103 de tonuri str\u0103lucitoare. Cu m\u00e2ner \u00eent\u0103rit \u00een culoare asortat\u0103 \u0219i\",\"breadcrumb\":{\"@id\":\"https:\\\/\\\/promis.ro\\\/product\\\/faluk\\\/#breadcrumb\"},\"inLanguage\":\"ro-RO\",\"potentialAction\":[{\"@type\":\"ReadAction\",\"target\":[\"https:\\\/\\\/promis.ro\\\/product\\\/faluk\\\/\"]}]},{\"@type\":\"ImageObject\",\"inLanguage\":\"ro-RO\",\"@id\":\"https:\\\/\\\/promis.ro\\\/product\\\/faluk\\\/#primaryimage\",\"url\":\"https:\\\/\\\/promis.ro\\\/wp-content\\\/uploads\\\/2025\\\/11\\\/4804-W-1.jpg\",\"contentUrl\":\"https:\\\/\\\/promis.ro\\\/wp-content\\\/uploads\\\/2025\\\/11\\\/4804-W-1.jpg\",\"width\":1080,\"height\":1080},{\"@type\":\"BreadcrumbList\",\"@id\":\"https:\\\/\\\/promis.ro\\\/product\\\/faluk\\\/#breadcrumb\",\"itemListElement\":[{\"@type\":\"ListItem\",\"position\":1,\"name\":\"Home\",\"item\":\"https:\\\/\\\/promis.ro\\\/\"},{\"@type\":\"ListItem\",\"position\":2,\"name\":\"Magazin\",\"item\":\"https:\\\/\\\/promis.ro\\\/magazin\\\/\"},{\"@type\":\"ListItem\",\"position\":3,\"name\":\"Faluk\"}]},{\"@type\":\"WebSite\",\"@id\":\"https:\\\/\\\/promis.ro\\\/#website\",\"url\":\"https:\\\/\\\/promis.ro\\\/\",\"name\":\"Promis.ro\",\"description\":\"\",\"potentialAction\":[{\"@type\":\"SearchAction\",\"target\":{\"@type\":\"EntryPoint\",\"urlTemplate\":\"https:\\\/\\\/promis.ro\\\/?s={search_term_string}\"},\"query-input\":{\"@type\":\"PropertyValueSpecification\",\"valueRequired\":true,\"valueName\":\"search_term_string\"}}],\"inLanguage\":\"ro-RO\"}]}<\/script>\n<!-- \/ Yoast SEO plugin. -->","yoast_head_json":{"title":"Faluk - Promis.ro","description":"Pereche de rachete de plaj\u0103 de \u00eenalt\u0103 calitate din lemn natural, cu o gam\u0103 variat\u0103 de tonuri str\u0103lucitoare. Cu m\u00e2ner \u00eent\u0103rit \u00een culoare asortat\u0103 \u0219i","robots":{"index":"index","follow":"follow","max-snippet":"max-snippet:-1","max-image-preview":"max-image-preview:large","max-video-preview":"max-video-preview:-1"},"canonical":"https:\/\/promis.ro\/ro\/produs\/faluk\/","og_locale":"ro_RO","og_type":"article","og_title":"Faluk - Promis.ro","og_description":"Pereche de rachete de plaj\u0103 de \u00eenalt\u0103 calitate din lemn natural, cu o gam\u0103 variat\u0103 de tonuri str\u0103lucitoare. Cu m\u00e2ner \u00eent\u0103rit \u00een culoare asortat\u0103 \u0219i","og_url":"https:\/\/promis.ro\/ro\/produs\/faluk\/","og_site_name":"Promis.ro","article_modified_time":"2025-11-11T19:06:22+00:00","og_image":[{"width":1080,"height":1080,"url":"https:\/\/promis.ro\/wp-content\/uploads\/2025\/11\/4804-W-1.jpg","type":"image\/jpeg"}],"twitter_card":"summary_large_image","schema":{"@context":"https:\/\/schema.org","@graph":[{"@type":"WebPage","@id":"https:\/\/promis.ro\/product\/faluk\/","url":"https:\/\/promis.ro\/product\/faluk\/","name":"Faluk - Promis.ro","isPartOf":{"@id":"https:\/\/promis.ro\/#website"},"primaryImageOfPage":{"@id":"https:\/\/promis.ro\/product\/faluk\/#primaryimage"},"image":{"@id":"https:\/\/promis.ro\/product\/faluk\/#primaryimage"},"thumbnailUrl":"https:\/\/promis.ro\/wp-content\/uploads\/2025\/11\/4804-W-1.jpg","datePublished":"2025-11-05T00:05:19+00:00","dateModified":"2025-11-11T19:06:22+00:00","description":"Pereche de rachete de plaj\u0103 de \u00eenalt\u0103 calitate din lemn natural, cu o gam\u0103 variat\u0103 de tonuri str\u0103lucitoare. Cu m\u00e2ner \u00eent\u0103rit \u00een culoare asortat\u0103 \u0219i","breadcrumb":{"@id":"https:\/\/promis.ro\/product\/faluk\/#breadcrumb"},"inLanguage":"ro-RO","potentialAction":[{"@type":"ReadAction","target":["https:\/\/promis.ro\/product\/faluk\/"]}]},{"@type":"ImageObject","inLanguage":"ro-RO","@id":"https:\/\/promis.ro\/product\/faluk\/#primaryimage","url":"https:\/\/promis.ro\/wp-content\/uploads\/2025\/11\/4804-W-1.jpg","contentUrl":"https:\/\/promis.ro\/wp-content\/uploads\/2025\/11\/4804-W-1.jpg","width":1080,"height":1080},{"@type":"BreadcrumbList","@id":"https:\/\/promis.ro\/product\/faluk\/#breadcrumb","itemListElement":[{"@type":"ListItem","position":1,"name":"Home","item":"https:\/\/promis.ro\/"},{"@type":"ListItem","position":2,"name":"Magazin","item":"https:\/\/promis.ro\/magazin\/"},{"@type":"ListItem","position":3,"name":"Faluk"}]},{"@type":"WebSite","@id":"https:\/\/promis.ro\/#website","url":"https:\/\/promis.ro\/","name":"Promis.ro","description":"","potentialAction":[{"@type":"SearchAction","target":{"@type":"EntryPoint","urlTemplate":"https:\/\/promis.ro\/?s={search_term_string}"},"query-input":{"@type":"PropertyValueSpecification","valueRequired":true,"valueName":"search_term_string"}}],"inLanguage":"ro-RO"}]}},"_links":{"self":[{"href":"https:\/\/promis.ro\/ro\/wp-json\/wp\/v2\/product\/100255","targetHints":{"allow":["GET"]}}],"collection":[{"href":"https:\/\/promis.ro\/ro\/wp-json\/wp\/v2\/product"}],"about":[{"href":"https:\/\/promis.ro\/ro\/wp-json\/wp\/v2\/types\/product"}],"replies":[{"embeddable":true,"href":"https:\/\/promis.ro\/ro\/wp-json\/wp\/v2\/comments?post=100255"}],"version-history":[{"count":1,"href":"https:\/\/promis.ro\/ro\/wp-json\/wp\/v2\/product\/100255\/revisions"}],"predecessor-version":[{"id":113172,"href":"https:\/\/promis.ro\/ro\/wp-json\/wp\/v2\/product\/100255\/revisions\/113172"}],"wp:featuredmedia":[{"embeddable":true,"href":"https:\/\/promis.ro\/ro\/wp-json\/wp\/v2\/media\/149538"}],"wp:attachment":[{"href":"https:\/\/promis.ro\/ro\/wp-json\/wp\/v2\/media?parent=100255"}],"wp:term":[{"taxonomy":"product_brand","embeddable":true,"href":"https:\/\/promis.ro\/ro\/wp-json\/wp\/v2\/product_brand?post=100255"},{"taxonomy":"product_cat","embeddable":true,"href":"https:\/\/promis.ro\/ro\/wp-json\/wp\/v2\/product_cat?post=100255"},{"taxonomy":"product_tag","embeddable":true,"href":"https:\/\/promis.ro\/ro\/wp-json\/wp\/v2\/product_tag?post=100255"}],"curies":[{"name":"wp","href":"https:\/\/api.w.org\/{rel}","templated":true}]}}