{"id":100957,"date":"2025-11-05T00:11:25","date_gmt":"2025-11-05T00:11:25","guid":{"rendered":"https:\/\/promis.ro\/product\/drentox\/"},"modified":"2025-11-11T19:05:34","modified_gmt":"2025-11-11T19:05:34","slug":"drentox","status":"publish","type":"product","link":"https:\/\/promis.ro\/ro\/produs\/drentox\/","title":{"rendered":"Drentox"},"content":{"rendered":"<p>Panou de imprimare retractabil 85x200cm din polipropilen\u0103 de \u00eenalt\u0103 densitate rezistent\u0103, special conceput pentru imprimarea \u00een culori complete. Cu suporturi din aluminiu \u0219i c\u00e2rlig de fixare. Prezentare rulat\u0103 \u00eentr-o hus\u0103 din \u021bes\u0103tur\u0103.<\/p>","protected":false},"excerpt":{"rendered":"<p>Panou de imprimare retractabil 85x200cm din polipropilen\u0103 de \u00eenalt\u0103 densitate rezistent\u0103, special conceput pentru imprimarea \u00een culori complete. Cu suporturi<\/p>","protected":false},"featured_media":149716,"comment_status":"open","ping_status":"closed","template":"","meta":[],"product_brand":[],"product_cat":[187],"product_tag":[],"class_list":{"0":"post-100957","1":"product","2":"type-product","3":"status-publish","4":"has-post-thumbnail","6":"product_cat-evenimente-si-petreceri","8":"first","9":"instock","10":"shipping-taxable","11":"purchasable","12":"product-type-simple"},"yoast_head":"<!-- This site is optimized with the Yoast SEO plugin v27.4 - https:\/\/yoast.com\/product\/yoast-seo-wordpress\/ -->\n<title>Drentox - Promis.ro<\/title>\n<meta name=\"description\" content=\"Panou de imprimare retractabil 85x200cm din polipropilen\u0103 de \u00eenalt\u0103 densitate rezistent\u0103, special conceput pentru imprimarea \u00een culori complete. Cu\" \/>\n<meta name=\"robots\" content=\"index, follow, max-snippet:-1, max-image-preview:large, max-video-preview:-1\" \/>\n<link rel=\"canonical\" href=\"https:\/\/promis.ro\/ro\/produs\/drentox\/\" \/>\n<meta property=\"og:locale\" content=\"ro_RO\" \/>\n<meta property=\"og:type\" content=\"article\" \/>\n<meta property=\"og:title\" content=\"Drentox - Promis.ro\" \/>\n<meta property=\"og:description\" content=\"Panou de imprimare retractabil 85x200cm din polipropilen\u0103 de \u00eenalt\u0103 densitate rezistent\u0103, special conceput pentru imprimarea \u00een culori complete. Cu\" \/>\n<meta property=\"og:url\" content=\"https:\/\/promis.ro\/ro\/produs\/drentox\/\" \/>\n<meta property=\"og:site_name\" content=\"Promis.ro\" \/>\n<meta property=\"article:modified_time\" content=\"2025-11-11T19:05:34+00:00\" \/>\n<meta property=\"og:image\" content=\"https:\/\/promis.ro\/wp-content\/uploads\/2025\/11\/5067-W-1.jpg\" \/>\n\t<meta property=\"og:image:width\" content=\"1080\" \/>\n\t<meta property=\"og:image:height\" content=\"1080\" \/>\n\t<meta property=\"og:image:type\" content=\"image\/jpeg\" \/>\n<meta name=\"twitter:card\" content=\"summary_large_image\" \/>\n<script type=\"application\/ld+json\" class=\"yoast-schema-graph\">{\"@context\":\"https:\\\/\\\/schema.org\",\"@graph\":[{\"@type\":\"WebPage\",\"@id\":\"https:\\\/\\\/promis.ro\\\/product\\\/drentox\\\/\",\"url\":\"https:\\\/\\\/promis.ro\\\/product\\\/drentox\\\/\",\"name\":\"Drentox - Promis.ro\",\"isPartOf\":{\"@id\":\"https:\\\/\\\/promis.ro\\\/#website\"},\"primaryImageOfPage\":{\"@id\":\"https:\\\/\\\/promis.ro\\\/product\\\/drentox\\\/#primaryimage\"},\"image\":{\"@id\":\"https:\\\/\\\/promis.ro\\\/product\\\/drentox\\\/#primaryimage\"},\"thumbnailUrl\":\"https:\\\/\\\/promis.ro\\\/wp-content\\\/uploads\\\/2025\\\/11\\\/5067-W-1.jpg\",\"datePublished\":\"2025-11-05T00:11:25+00:00\",\"dateModified\":\"2025-11-11T19:05:34+00:00\",\"description\":\"Panou de imprimare retractabil 85x200cm din polipropilen\u0103 de \u00eenalt\u0103 densitate rezistent\u0103, special conceput pentru imprimarea \u00een culori complete. Cu\",\"breadcrumb\":{\"@id\":\"https:\\\/\\\/promis.ro\\\/product\\\/drentox\\\/#breadcrumb\"},\"inLanguage\":\"ro-RO\",\"potentialAction\":[{\"@type\":\"ReadAction\",\"target\":[\"https:\\\/\\\/promis.ro\\\/product\\\/drentox\\\/\"]}]},{\"@type\":\"ImageObject\",\"inLanguage\":\"ro-RO\",\"@id\":\"https:\\\/\\\/promis.ro\\\/product\\\/drentox\\\/#primaryimage\",\"url\":\"https:\\\/\\\/promis.ro\\\/wp-content\\\/uploads\\\/2025\\\/11\\\/5067-W-1.jpg\",\"contentUrl\":\"https:\\\/\\\/promis.ro\\\/wp-content\\\/uploads\\\/2025\\\/11\\\/5067-W-1.jpg\",\"width\":1080,\"height\":1080},{\"@type\":\"BreadcrumbList\",\"@id\":\"https:\\\/\\\/promis.ro\\\/product\\\/drentox\\\/#breadcrumb\",\"itemListElement\":[{\"@type\":\"ListItem\",\"position\":1,\"name\":\"Home\",\"item\":\"https:\\\/\\\/promis.ro\\\/\"},{\"@type\":\"ListItem\",\"position\":2,\"name\":\"Magazin\",\"item\":\"https:\\\/\\\/promis.ro\\\/magazin\\\/\"},{\"@type\":\"ListItem\",\"position\":3,\"name\":\"Drentox\"}]},{\"@type\":\"WebSite\",\"@id\":\"https:\\\/\\\/promis.ro\\\/#website\",\"url\":\"https:\\\/\\\/promis.ro\\\/\",\"name\":\"Promis.ro\",\"description\":\"\",\"potentialAction\":[{\"@type\":\"SearchAction\",\"target\":{\"@type\":\"EntryPoint\",\"urlTemplate\":\"https:\\\/\\\/promis.ro\\\/?s={search_term_string}\"},\"query-input\":{\"@type\":\"PropertyValueSpecification\",\"valueRequired\":true,\"valueName\":\"search_term_string\"}}],\"inLanguage\":\"ro-RO\"}]}<\/script>\n<!-- \/ Yoast SEO plugin. -->","yoast_head_json":{"title":"Drentox - Promis.ro","description":"Panou de imprimare retractabil 85x200cm din polipropilen\u0103 de \u00eenalt\u0103 densitate rezistent\u0103, special conceput pentru imprimarea \u00een culori complete. Cu","robots":{"index":"index","follow":"follow","max-snippet":"max-snippet:-1","max-image-preview":"max-image-preview:large","max-video-preview":"max-video-preview:-1"},"canonical":"https:\/\/promis.ro\/ro\/produs\/drentox\/","og_locale":"ro_RO","og_type":"article","og_title":"Drentox - Promis.ro","og_description":"Panou de imprimare retractabil 85x200cm din polipropilen\u0103 de \u00eenalt\u0103 densitate rezistent\u0103, special conceput pentru imprimarea \u00een culori complete. Cu","og_url":"https:\/\/promis.ro\/ro\/produs\/drentox\/","og_site_name":"Promis.ro","article_modified_time":"2025-11-11T19:05:34+00:00","og_image":[{"width":1080,"height":1080,"url":"https:\/\/promis.ro\/wp-content\/uploads\/2025\/11\/5067-W-1.jpg","type":"image\/jpeg"}],"twitter_card":"summary_large_image","schema":{"@context":"https:\/\/schema.org","@graph":[{"@type":"WebPage","@id":"https:\/\/promis.ro\/product\/drentox\/","url":"https:\/\/promis.ro\/product\/drentox\/","name":"Drentox - Promis.ro","isPartOf":{"@id":"https:\/\/promis.ro\/#website"},"primaryImageOfPage":{"@id":"https:\/\/promis.ro\/product\/drentox\/#primaryimage"},"image":{"@id":"https:\/\/promis.ro\/product\/drentox\/#primaryimage"},"thumbnailUrl":"https:\/\/promis.ro\/wp-content\/uploads\/2025\/11\/5067-W-1.jpg","datePublished":"2025-11-05T00:11:25+00:00","dateModified":"2025-11-11T19:05:34+00:00","description":"Panou de imprimare retractabil 85x200cm din polipropilen\u0103 de \u00eenalt\u0103 densitate rezistent\u0103, special conceput pentru imprimarea \u00een culori complete. Cu","breadcrumb":{"@id":"https:\/\/promis.ro\/product\/drentox\/#breadcrumb"},"inLanguage":"ro-RO","potentialAction":[{"@type":"ReadAction","target":["https:\/\/promis.ro\/product\/drentox\/"]}]},{"@type":"ImageObject","inLanguage":"ro-RO","@id":"https:\/\/promis.ro\/product\/drentox\/#primaryimage","url":"https:\/\/promis.ro\/wp-content\/uploads\/2025\/11\/5067-W-1.jpg","contentUrl":"https:\/\/promis.ro\/wp-content\/uploads\/2025\/11\/5067-W-1.jpg","width":1080,"height":1080},{"@type":"BreadcrumbList","@id":"https:\/\/promis.ro\/product\/drentox\/#breadcrumb","itemListElement":[{"@type":"ListItem","position":1,"name":"Home","item":"https:\/\/promis.ro\/"},{"@type":"ListItem","position":2,"name":"Magazin","item":"https:\/\/promis.ro\/magazin\/"},{"@type":"ListItem","position":3,"name":"Drentox"}]},{"@type":"WebSite","@id":"https:\/\/promis.ro\/#website","url":"https:\/\/promis.ro\/","name":"Promis.ro","description":"","potentialAction":[{"@type":"SearchAction","target":{"@type":"EntryPoint","urlTemplate":"https:\/\/promis.ro\/?s={search_term_string}"},"query-input":{"@type":"PropertyValueSpecification","valueRequired":true,"valueName":"search_term_string"}}],"inLanguage":"ro-RO"}]}},"_links":{"self":[{"href":"https:\/\/promis.ro\/ro\/wp-json\/wp\/v2\/product\/100957","targetHints":{"allow":["GET"]}}],"collection":[{"href":"https:\/\/promis.ro\/ro\/wp-json\/wp\/v2\/product"}],"about":[{"href":"https:\/\/promis.ro\/ro\/wp-json\/wp\/v2\/types\/product"}],"replies":[{"embeddable":true,"href":"https:\/\/promis.ro\/ro\/wp-json\/wp\/v2\/comments?post=100957"}],"version-history":[{"count":1,"href":"https:\/\/promis.ro\/ro\/wp-json\/wp\/v2\/product\/100957\/revisions"}],"predecessor-version":[{"id":113256,"href":"https:\/\/promis.ro\/ro\/wp-json\/wp\/v2\/product\/100957\/revisions\/113256"}],"wp:featuredmedia":[{"embeddable":true,"href":"https:\/\/promis.ro\/ro\/wp-json\/wp\/v2\/media\/149716"}],"wp:attachment":[{"href":"https:\/\/promis.ro\/ro\/wp-json\/wp\/v2\/media?parent=100957"}],"wp:term":[{"taxonomy":"product_brand","embeddable":true,"href":"https:\/\/promis.ro\/ro\/wp-json\/wp\/v2\/product_brand?post=100957"},{"taxonomy":"product_cat","embeddable":true,"href":"https:\/\/promis.ro\/ro\/wp-json\/wp\/v2\/product_cat?post=100957"},{"taxonomy":"product_tag","embeddable":true,"href":"https:\/\/promis.ro\/ro\/wp-json\/wp\/v2\/product_tag?post=100957"}],"curies":[{"name":"wp","href":"https:\/\/api.w.org\/{rel}","templated":true}]}}