{"id":100967,"date":"2025-11-05T00:11:29","date_gmt":"2025-11-05T00:11:29","guid":{"rendered":"https:\/\/promis.ro\/product\/rarox\/"},"modified":"2025-11-11T19:14:57","modified_gmt":"2025-11-11T19:14:57","slug":"rarox","status":"publish","type":"product","link":"https:\/\/promis.ro\/ro\/produs\/rarox\/","title":{"rendered":"Rarox"},"content":{"rendered":"<p>Geant\u0103 de frumuse\u021be multifunc\u021bional\u0103 din material 100% microfibr\u0103 \u00een nuan\u021be variate \u0219i str\u0103lucitoare. Cu \u00eenchidere cu fermoar alb.<\/p>","protected":false},"excerpt":{"rendered":"<p>Geant\u0103 de frumuse\u021be multifunc\u021bional\u0103 din material 100% microfibr\u0103 \u00een nuan\u021be variate \u0219i str\u0103lucitoare. Cu \u00eenchidere cu fermoar alb.<\/p>","protected":false},"featured_media":150392,"comment_status":"open","ping_status":"closed","template":"","meta":[],"product_brand":[],"product_cat":[194],"product_tag":[],"class_list":{"0":"post-100967","1":"product","2":"type-product","3":"status-publish","4":"has-post-thumbnail","6":"product_cat-dama","8":"first","9":"outofstock","10":"shipping-taxable","11":"purchasable","12":"product-type-variable"},"_links":{"self":[{"href":"https:\/\/promis.ro\/ro\/wp-json\/wp\/v2\/product\/100967","targetHints":{"allow":["GET"]}}],"collection":[{"href":"https:\/\/promis.ro\/ro\/wp-json\/wp\/v2\/product"}],"about":[{"href":"https:\/\/promis.ro\/ro\/wp-json\/wp\/v2\/types\/product"}],"replies":[{"embeddable":true,"href":"https:\/\/promis.ro\/ro\/wp-json\/wp\/v2\/comments?post=100967"}],"version-history":[{"count":1,"href":"https:\/\/promis.ro\/ro\/wp-json\/wp\/v2\/product\/100967\/revisions"}],"predecessor-version":[{"id":113262,"href":"https:\/\/promis.ro\/ro\/wp-json\/wp\/v2\/product\/100967\/revisions\/113262"}],"wp:featuredmedia":[{"embeddable":true,"href":"https:\/\/promis.ro\/ro\/wp-json\/wp\/v2\/media\/150392"}],"wp:attachment":[{"href":"https:\/\/promis.ro\/ro\/wp-json\/wp\/v2\/media?parent=100967"}],"wp:term":[{"taxonomy":"product_brand","embeddable":true,"href":"https:\/\/promis.ro\/ro\/wp-json\/wp\/v2\/product_brand?post=100967"},{"taxonomy":"product_cat","embeddable":true,"href":"https:\/\/promis.ro\/ro\/wp-json\/wp\/v2\/product_cat?post=100967"},{"taxonomy":"product_tag","embeddable":true,"href":"https:\/\/promis.ro\/ro\/wp-json\/wp\/v2\/product_tag?post=100967"}],"curies":[{"name":"wp","href":"https:\/\/api.w.org\/{rel}","templated":true}]}}