{"id":101408,"date":"2025-11-05T00:15:03","date_gmt":"2025-11-05T00:15:03","guid":{"rendered":"https:\/\/promis.ro\/product\/nesty\/"},"modified":"2025-11-11T19:15:25","modified_gmt":"2025-11-11T19:15:25","slug":"nesty","status":"publish","type":"product","link":"https:\/\/promis.ro\/ro\/produs\/nesty\/","title":{"rendered":"Nesty"},"content":{"rendered":"<p>Set de 2 be\u021be din bambus cu finisaj fin, cu accesorii \u00een culori sobrie. Prezentate \u00eentr-o cutie individual\u0103 din carton cu t\u0103iere la laser.<\/p>","protected":false},"excerpt":{"rendered":"<p>Set de 2 be\u021be din bambus cu finisaj fin, cu accesorii \u00een culori sobrie. Prezentate \u00eentr-o cutie individual\u0103 din carton<\/p>","protected":false},"featured_media":150489,"comment_status":"open","ping_status":"closed","template":"","meta":[],"product_brand":[],"product_cat":[197],"product_tag":[],"class_list":{"0":"post-101408","1":"product","2":"type-product","3":"status-publish","4":"has-post-thumbnail","6":"product_cat-articole-durabile","8":"first","9":"instock","10":"shipping-taxable","11":"purchasable","12":"product-type-variable"},"_links":{"self":[{"href":"https:\/\/promis.ro\/ro\/wp-json\/wp\/v2\/product\/101408","targetHints":{"allow":["GET"]}}],"collection":[{"href":"https:\/\/promis.ro\/ro\/wp-json\/wp\/v2\/product"}],"about":[{"href":"https:\/\/promis.ro\/ro\/wp-json\/wp\/v2\/types\/product"}],"replies":[{"embeddable":true,"href":"https:\/\/promis.ro\/ro\/wp-json\/wp\/v2\/comments?post=101408"}],"version-history":[{"count":1,"href":"https:\/\/promis.ro\/ro\/wp-json\/wp\/v2\/product\/101408\/revisions"}],"predecessor-version":[{"id":113290,"href":"https:\/\/promis.ro\/ro\/wp-json\/wp\/v2\/product\/101408\/revisions\/113290"}],"wp:featuredmedia":[{"embeddable":true,"href":"https:\/\/promis.ro\/ro\/wp-json\/wp\/v2\/media\/150489"}],"wp:attachment":[{"href":"https:\/\/promis.ro\/ro\/wp-json\/wp\/v2\/media?parent=101408"}],"wp:term":[{"taxonomy":"product_brand","embeddable":true,"href":"https:\/\/promis.ro\/ro\/wp-json\/wp\/v2\/product_brand?post=101408"},{"taxonomy":"product_cat","embeddable":true,"href":"https:\/\/promis.ro\/ro\/wp-json\/wp\/v2\/product_cat?post=101408"},{"taxonomy":"product_tag","embeddable":true,"href":"https:\/\/promis.ro\/ro\/wp-json\/wp\/v2\/product_tag?post=101408"}],"curies":[{"name":"wp","href":"https:\/\/api.w.org\/{rel}","templated":true}]}}