{"id":101409,"date":"2025-11-05T00:15:04","date_gmt":"2025-11-05T00:15:04","guid":{"rendered":"https:\/\/promis.ro\/product\/selma\/"},"modified":"2025-11-11T19:10:53","modified_gmt":"2025-11-11T19:10:53","slug":"selma","status":"publish","type":"product","link":"https:\/\/promis.ro\/ro\/produs\/selma\/","title":{"rendered":"Selma"},"content":{"rendered":"<p>Lingur\u0103 de buc\u0103t\u0103rie din lemn de bambus. Prezentat\u0103 \u00eentr-un sac individual cu \u00eent\u0103rire din carton t\u0103iat la laser.<\/p>","protected":false},"excerpt":{"rendered":"<p>Lingur\u0103 de buc\u0103t\u0103rie din lemn de bambus. Prezentat\u0103 \u00eentr-un sac individual cu \u00eent\u0103rire din carton t\u0103iat la laser.<\/p>","protected":false},"featured_media":150492,"comment_status":"open","ping_status":"closed","template":"","meta":[],"product_brand":[],"product_cat":[197],"product_tag":[],"class_list":{"0":"post-101409","1":"product","2":"type-product","3":"status-publish","4":"has-post-thumbnail","6":"product_cat-articole-durabile","8":"first","9":"instock","10":"shipping-taxable","11":"purchasable","12":"product-type-simple"},"_links":{"self":[{"href":"https:\/\/promis.ro\/ro\/wp-json\/wp\/v2\/product\/101409","targetHints":{"allow":["GET"]}}],"collection":[{"href":"https:\/\/promis.ro\/ro\/wp-json\/wp\/v2\/product"}],"about":[{"href":"https:\/\/promis.ro\/ro\/wp-json\/wp\/v2\/types\/product"}],"replies":[{"embeddable":true,"href":"https:\/\/promis.ro\/ro\/wp-json\/wp\/v2\/comments?post=101409"}],"version-history":[{"count":1,"href":"https:\/\/promis.ro\/ro\/wp-json\/wp\/v2\/product\/101409\/revisions"}],"predecessor-version":[{"id":113286,"href":"https:\/\/promis.ro\/ro\/wp-json\/wp\/v2\/product\/101409\/revisions\/113286"}],"wp:featuredmedia":[{"embeddable":true,"href":"https:\/\/promis.ro\/ro\/wp-json\/wp\/v2\/media\/150492"}],"wp:attachment":[{"href":"https:\/\/promis.ro\/ro\/wp-json\/wp\/v2\/media?parent=101409"}],"wp:term":[{"taxonomy":"product_brand","embeddable":true,"href":"https:\/\/promis.ro\/ro\/wp-json\/wp\/v2\/product_brand?post=101409"},{"taxonomy":"product_cat","embeddable":true,"href":"https:\/\/promis.ro\/ro\/wp-json\/wp\/v2\/product_cat?post=101409"},{"taxonomy":"product_tag","embeddable":true,"href":"https:\/\/promis.ro\/ro\/wp-json\/wp\/v2\/product_tag?post=101409"}],"curies":[{"name":"wp","href":"https:\/\/api.w.org\/{rel}","templated":true}]}}