{"id":101410,"date":"2025-11-05T00:15:04","date_gmt":"2025-11-05T00:15:04","guid":{"rendered":"https:\/\/promis.ro\/product\/daimy\/"},"modified":"2025-11-11T19:10:56","modified_gmt":"2025-11-11T19:10:56","slug":"daimy","status":"publish","type":"product","link":"https:\/\/promis.ro\/ro\/produs\/daimy\/","title":{"rendered":"Daimy"},"content":{"rendered":"<p>Can\u0103 ceramic\u0103 de 250ml de culoare alb\u0103. Prezentat\u0103 \u00eentr-o cutie individual\u0103.<\/p>","protected":false},"excerpt":{"rendered":"<p>Can\u0103 ceramic\u0103 de 250ml de culoare alb\u0103. Prezentat\u0103 \u00eentr-o cutie individual\u0103.<\/p>","protected":false},"featured_media":150495,"comment_status":"open","ping_status":"closed","template":"","meta":[],"product_brand":[],"product_cat":[172],"product_tag":[],"class_list":{"0":"post-101410","1":"product","2":"type-product","3":"status-publish","4":"has-post-thumbnail","6":"product_cat-cani-borcane-si-thermosuri","8":"first","9":"instock","10":"shipping-taxable","11":"purchasable","12":"product-type-simple"},"_links":{"self":[{"href":"https:\/\/promis.ro\/ro\/wp-json\/wp\/v2\/product\/101410","targetHints":{"allow":["GET"]}}],"collection":[{"href":"https:\/\/promis.ro\/ro\/wp-json\/wp\/v2\/product"}],"about":[{"href":"https:\/\/promis.ro\/ro\/wp-json\/wp\/v2\/types\/product"}],"replies":[{"embeddable":true,"href":"https:\/\/promis.ro\/ro\/wp-json\/wp\/v2\/comments?post=101410"}],"version-history":[{"count":1,"href":"https:\/\/promis.ro\/ro\/wp-json\/wp\/v2\/product\/101410\/revisions"}],"predecessor-version":[{"id":113285,"href":"https:\/\/promis.ro\/ro\/wp-json\/wp\/v2\/product\/101410\/revisions\/113285"}],"wp:featuredmedia":[{"embeddable":true,"href":"https:\/\/promis.ro\/ro\/wp-json\/wp\/v2\/media\/150495"}],"wp:attachment":[{"href":"https:\/\/promis.ro\/ro\/wp-json\/wp\/v2\/media?parent=101410"}],"wp:term":[{"taxonomy":"product_brand","embeddable":true,"href":"https:\/\/promis.ro\/ro\/wp-json\/wp\/v2\/product_brand?post=101410"},{"taxonomy":"product_cat","embeddable":true,"href":"https:\/\/promis.ro\/ro\/wp-json\/wp\/v2\/product_cat?post=101410"},{"taxonomy":"product_tag","embeddable":true,"href":"https:\/\/promis.ro\/ro\/wp-json\/wp\/v2\/product_tag?post=101410"}],"curies":[{"name":"wp","href":"https:\/\/api.w.org\/{rel}","templated":true}]}}