{"id":101412,"date":"2025-11-05T00:15:05","date_gmt":"2025-11-05T00:15:05","guid":{"rendered":"https:\/\/promis.ro\/product\/kaffir\/"},"modified":"2025-11-11T19:11:05","modified_gmt":"2025-11-11T19:11:05","slug":"kaffir","status":"publish","type":"product","link":"https:\/\/promis.ro\/ro\/produs\/kaffir\/","title":{"rendered":"Kaffir"},"content":{"rendered":"<p>Can\u0103 ceramic\u0103 de 350ml de culoare alb\u0103, cu linguri\u021b\u0103 ceramic\u0103 \u00eencorporat\u0103 \u00een m\u00e2ner. Proiectat\u0103 special pentru imprimarea prin sublimare \u0219i prezentat\u0103 \u00eentr-o cutie individual\u0103. Manual de instruc\u021biuni disponibil \u00een spaniol\u0103 \u0219i englez\u0103.<\/p>","protected":false},"excerpt":{"rendered":"<p>Can\u0103 ceramic\u0103 de 350ml de culoare alb\u0103, cu linguri\u021b\u0103 ceramic\u0103 \u00eencorporat\u0103 \u00een m\u00e2ner. Proiectat\u0103 special pentru imprimarea prin sublimare \u0219i<\/p>","protected":false},"featured_media":150500,"comment_status":"open","ping_status":"closed","template":"","meta":[],"product_brand":[],"product_cat":[190],"product_tag":[],"class_list":{"0":"post-101412","1":"product","2":"type-product","3":"status-publish","4":"has-post-thumbnail","6":"product_cat-linia-de-sublimare","8":"first","9":"instock","10":"shipping-taxable","11":"purchasable","12":"product-type-simple"},"_links":{"self":[{"href":"https:\/\/promis.ro\/ro\/wp-json\/wp\/v2\/product\/101412","targetHints":{"allow":["GET"]}}],"collection":[{"href":"https:\/\/promis.ro\/ro\/wp-json\/wp\/v2\/product"}],"about":[{"href":"https:\/\/promis.ro\/ro\/wp-json\/wp\/v2\/types\/product"}],"replies":[{"embeddable":true,"href":"https:\/\/promis.ro\/ro\/wp-json\/wp\/v2\/comments?post=101412"}],"version-history":[{"count":1,"href":"https:\/\/promis.ro\/ro\/wp-json\/wp\/v2\/product\/101412\/revisions"}],"predecessor-version":[{"id":113307,"href":"https:\/\/promis.ro\/ro\/wp-json\/wp\/v2\/product\/101412\/revisions\/113307"}],"wp:featuredmedia":[{"embeddable":true,"href":"https:\/\/promis.ro\/ro\/wp-json\/wp\/v2\/media\/150500"}],"wp:attachment":[{"href":"https:\/\/promis.ro\/ro\/wp-json\/wp\/v2\/media?parent=101412"}],"wp:term":[{"taxonomy":"product_brand","embeddable":true,"href":"https:\/\/promis.ro\/ro\/wp-json\/wp\/v2\/product_brand?post=101412"},{"taxonomy":"product_cat","embeddable":true,"href":"https:\/\/promis.ro\/ro\/wp-json\/wp\/v2\/product_cat?post=101412"},{"taxonomy":"product_tag","embeddable":true,"href":"https:\/\/promis.ro\/ro\/wp-json\/wp\/v2\/product_tag?post=101412"}],"curies":[{"name":"wp","href":"https:\/\/api.w.org\/{rel}","templated":true}]}}