{"id":101414,"date":"2025-11-05T00:15:09","date_gmt":"2025-11-05T00:15:09","guid":{"rendered":"https:\/\/promis.ro\/product\/niyel\/"},"modified":"2025-11-11T19:15:26","modified_gmt":"2025-11-11T19:15:26","slug":"niyel","status":"publish","type":"product","link":"https:\/\/promis.ro\/ro\/produs\/niyel\/","title":{"rendered":"Niyel"},"content":{"rendered":"<p>Hub USB original \u0219i compact, cu form\u0103 rotunjit\u0103 \u0219i design bicolor. Cu 4 porturi USB 2.0 pentru a conecta mai multe dispozitive, \u0219i proiectat special pentru imprimare pad sau imprimare digital\u0103. Prezentat \u00eentr-o cutie individual\u0103.<\/p>","protected":false},"excerpt":{"rendered":"<p>Hub USB original \u0219i compact, cu form\u0103 rotunjit\u0103 \u0219i design bicolor. Cu 4 porturi USB 2.0 pentru a conecta mai<\/p>","protected":false},"featured_media":150506,"comment_status":"open","ping_status":"closed","template":"","meta":[],"product_brand":[],"product_cat":[171],"product_tag":[],"class_list":{"0":"post-101414","1":"product","2":"type-product","3":"status-publish","4":"has-post-thumbnail","6":"product_cat-birou-si-business","8":"first","9":"instock","10":"shipping-taxable","11":"purchasable","12":"product-type-variable"},"_links":{"self":[{"href":"https:\/\/promis.ro\/ro\/wp-json\/wp\/v2\/product\/101414","targetHints":{"allow":["GET"]}}],"collection":[{"href":"https:\/\/promis.ro\/ro\/wp-json\/wp\/v2\/product"}],"about":[{"href":"https:\/\/promis.ro\/ro\/wp-json\/wp\/v2\/types\/product"}],"replies":[{"embeddable":true,"href":"https:\/\/promis.ro\/ro\/wp-json\/wp\/v2\/comments?post=101414"}],"version-history":[{"count":1,"href":"https:\/\/promis.ro\/ro\/wp-json\/wp\/v2\/product\/101414\/revisions"}],"predecessor-version":[{"id":113306,"href":"https:\/\/promis.ro\/ro\/wp-json\/wp\/v2\/product\/101414\/revisions\/113306"}],"wp:featuredmedia":[{"embeddable":true,"href":"https:\/\/promis.ro\/ro\/wp-json\/wp\/v2\/media\/150506"}],"wp:attachment":[{"href":"https:\/\/promis.ro\/ro\/wp-json\/wp\/v2\/media?parent=101414"}],"wp:term":[{"taxonomy":"product_brand","embeddable":true,"href":"https:\/\/promis.ro\/ro\/wp-json\/wp\/v2\/product_brand?post=101414"},{"taxonomy":"product_cat","embeddable":true,"href":"https:\/\/promis.ro\/ro\/wp-json\/wp\/v2\/product_cat?post=101414"},{"taxonomy":"product_tag","embeddable":true,"href":"https:\/\/promis.ro\/ro\/wp-json\/wp\/v2\/product_tag?post=101414"}],"curies":[{"name":"wp","href":"https:\/\/api.w.org\/{rel}","templated":true}]}}