{"id":101415,"date":"2025-11-05T00:15:10","date_gmt":"2025-11-05T00:15:10","guid":{"rendered":"https:\/\/promis.ro\/product\/weeper\/"},"modified":"2025-11-11T19:15:26","modified_gmt":"2025-11-11T19:15:26","slug":"weeper","status":"publish","type":"product","link":"https:\/\/promis.ro\/ro\/produs\/weeper\/","title":{"rendered":"Weeper"},"content":{"rendered":"<p>Design bicolor hub USB cu un finisaj elegant din aluminiu. Cu 4 porturi USB 2.0 pentru a conecta multiple dispozitive, \u0219i recomandat \u00een special pentru imprimarea laser. Prezentat \u00eentr-o cutie individual\u0103.<\/p>","protected":false},"excerpt":{"rendered":"<p>Design bicolor hub USB cu un finisaj elegant din aluminiu. Cu 4 porturi USB 2.0 pentru a conecta multiple dispozitive,<\/p>","protected":false},"featured_media":150507,"comment_status":"open","ping_status":"closed","template":"","meta":[],"product_brand":[],"product_cat":[170],"product_tag":[],"class_list":{"0":"post-101415","1":"product","2":"type-product","3":"status-publish","4":"has-post-thumbnail","6":"product_cat-tehnologie-si-accesorii","8":"first","9":"instock","10":"shipping-taxable","11":"purchasable","12":"product-type-variable"},"_links":{"self":[{"href":"https:\/\/promis.ro\/ro\/wp-json\/wp\/v2\/product\/101415","targetHints":{"allow":["GET"]}}],"collection":[{"href":"https:\/\/promis.ro\/ro\/wp-json\/wp\/v2\/product"}],"about":[{"href":"https:\/\/promis.ro\/ro\/wp-json\/wp\/v2\/types\/product"}],"replies":[{"embeddable":true,"href":"https:\/\/promis.ro\/ro\/wp-json\/wp\/v2\/comments?post=101415"}],"version-history":[{"count":1,"href":"https:\/\/promis.ro\/ro\/wp-json\/wp\/v2\/product\/101415\/revisions"}],"predecessor-version":[{"id":113300,"href":"https:\/\/promis.ro\/ro\/wp-json\/wp\/v2\/product\/101415\/revisions\/113300"}],"wp:featuredmedia":[{"embeddable":true,"href":"https:\/\/promis.ro\/ro\/wp-json\/wp\/v2\/media\/150507"}],"wp:attachment":[{"href":"https:\/\/promis.ro\/ro\/wp-json\/wp\/v2\/media?parent=101415"}],"wp:term":[{"taxonomy":"product_brand","embeddable":true,"href":"https:\/\/promis.ro\/ro\/wp-json\/wp\/v2\/product_brand?post=101415"},{"taxonomy":"product_cat","embeddable":true,"href":"https:\/\/promis.ro\/ro\/wp-json\/wp\/v2\/product_cat?post=101415"},{"taxonomy":"product_tag","embeddable":true,"href":"https:\/\/promis.ro\/ro\/wp-json\/wp\/v2\/product_tag?post=101415"}],"curies":[{"name":"wp","href":"https:\/\/api.w.org\/{rel}","templated":true}]}}