{"id":101416,"date":"2025-11-05T00:15:11","date_gmt":"2025-11-05T00:15:11","guid":{"rendered":"https:\/\/promis.ro\/product\/haslam\/"},"modified":"2025-11-11T19:15:31","modified_gmt":"2025-11-11T19:15:31","slug":"haslam","status":"publish","type":"product","link":"https:\/\/promis.ro\/ro\/produs\/haslam\/","title":{"rendered":"Haslam"},"content":{"rendered":"<p>Pointer laser elegant de clasa 2 cu conexiune USB \u0219i finisaj neted. Proiectat special pentru prezent\u0103ri PowerPoint \u0219i Keynote. Butoane de activare laterale cu func\u021bii de avansare, pauz\u0103 \u0219i revenire. Cu un corp proiectat special pentru imprimare pe suport \u0219i func\u021bioneaz\u0103 cu baterii: 1xAAA inclus. Prezentat \u00eentr-o cutie elegant\u0103 \u0219i rezistent\u0103 din carton negru, cu spum\u0103 moale \u00een interior \u0219i compartiment pentru baterii.<\/p>","protected":false},"excerpt":{"rendered":"<p>Pointer laser elegant de clasa 2 cu conexiune USB \u0219i finisaj neted. Proiectat special pentru prezent\u0103ri PowerPoint \u0219i Keynote. Butoane<\/p>","protected":false},"featured_media":150510,"comment_status":"open","ping_status":"closed","template":"","meta":[],"product_brand":[],"product_cat":[171],"product_tag":[],"class_list":{"0":"post-101416","1":"product","2":"type-product","3":"status-publish","4":"has-post-thumbnail","6":"product_cat-birou-si-business","8":"first","9":"instock","10":"shipping-taxable","11":"purchasable","12":"product-type-variable"},"_links":{"self":[{"href":"https:\/\/promis.ro\/ro\/wp-json\/wp\/v2\/product\/101416","targetHints":{"allow":["GET"]}}],"collection":[{"href":"https:\/\/promis.ro\/ro\/wp-json\/wp\/v2\/product"}],"about":[{"href":"https:\/\/promis.ro\/ro\/wp-json\/wp\/v2\/types\/product"}],"replies":[{"embeddable":true,"href":"https:\/\/promis.ro\/ro\/wp-json\/wp\/v2\/comments?post=101416"}],"version-history":[{"count":1,"href":"https:\/\/promis.ro\/ro\/wp-json\/wp\/v2\/product\/101416\/revisions"}],"predecessor-version":[{"id":113322,"href":"https:\/\/promis.ro\/ro\/wp-json\/wp\/v2\/product\/101416\/revisions\/113322"}],"wp:featuredmedia":[{"embeddable":true,"href":"https:\/\/promis.ro\/ro\/wp-json\/wp\/v2\/media\/150510"}],"wp:attachment":[{"href":"https:\/\/promis.ro\/ro\/wp-json\/wp\/v2\/media?parent=101416"}],"wp:term":[{"taxonomy":"product_brand","embeddable":true,"href":"https:\/\/promis.ro\/ro\/wp-json\/wp\/v2\/product_brand?post=101416"},{"taxonomy":"product_cat","embeddable":true,"href":"https:\/\/promis.ro\/ro\/wp-json\/wp\/v2\/product_cat?post=101416"},{"taxonomy":"product_tag","embeddable":true,"href":"https:\/\/promis.ro\/ro\/wp-json\/wp\/v2\/product_tag?post=101416"}],"curies":[{"name":"wp","href":"https:\/\/api.w.org\/{rel}","templated":true}]}}