{"id":101418,"date":"2025-11-05T00:15:13","date_gmt":"2025-11-05T00:15:13","guid":{"rendered":"https:\/\/promis.ro\/product\/thiago\/"},"modified":"2025-11-11T19:15:50","modified_gmt":"2025-11-11T19:15:50","slug":"thiago","status":"publish","type":"product","link":"https:\/\/promis.ro\/ro\/produs\/thiago\/","title":{"rendered":"Thiago"},"content":{"rendered":"<p>Plapuma de 120x150cm \u00eentr-o gam\u0103 variat\u0103 de tonuri str\u0103lucitoare. Din material polar fleece de 180g\/m2 cu tratament anti-pilling \u0219i cu o man\u0219et\u0103 moale din poliester, cu \u00eenchidere prin \u0219nur.<\/p>","protected":false},"excerpt":{"rendered":"<p>Plapuma de 120x150cm \u00eentr-o gam\u0103 variat\u0103 de tonuri str\u0103lucitoare. Din material polar fleece de 180g\/m2 cu tratament anti-pilling \u0219i cu<\/p>","protected":false},"featured_media":150513,"comment_status":"open","ping_status":"closed","template":"","meta":[],"product_brand":[],"product_cat":[193],"product_tag":[],"class_list":{"0":"post-101418","1":"product","2":"type-product","3":"status-publish","4":"has-post-thumbnail","6":"product_cat-ploaie-si-frig","8":"first","9":"instock","10":"shipping-taxable","11":"purchasable","12":"product-type-variable"},"_links":{"self":[{"href":"https:\/\/promis.ro\/ro\/wp-json\/wp\/v2\/product\/101418","targetHints":{"allow":["GET"]}}],"collection":[{"href":"https:\/\/promis.ro\/ro\/wp-json\/wp\/v2\/product"}],"about":[{"href":"https:\/\/promis.ro\/ro\/wp-json\/wp\/v2\/types\/product"}],"replies":[{"embeddable":true,"href":"https:\/\/promis.ro\/ro\/wp-json\/wp\/v2\/comments?post=101418"}],"version-history":[{"count":1,"href":"https:\/\/promis.ro\/ro\/wp-json\/wp\/v2\/product\/101418\/revisions"}],"predecessor-version":[{"id":113309,"href":"https:\/\/promis.ro\/ro\/wp-json\/wp\/v2\/product\/101418\/revisions\/113309"}],"wp:featuredmedia":[{"embeddable":true,"href":"https:\/\/promis.ro\/ro\/wp-json\/wp\/v2\/media\/150513"}],"wp:attachment":[{"href":"https:\/\/promis.ro\/ro\/wp-json\/wp\/v2\/media?parent=101418"}],"wp:term":[{"taxonomy":"product_brand","embeddable":true,"href":"https:\/\/promis.ro\/ro\/wp-json\/wp\/v2\/product_brand?post=101418"},{"taxonomy":"product_cat","embeddable":true,"href":"https:\/\/promis.ro\/ro\/wp-json\/wp\/v2\/product_cat?post=101418"},{"taxonomy":"product_tag","embeddable":true,"href":"https:\/\/promis.ro\/ro\/wp-json\/wp\/v2\/product_tag?post=101418"}],"curies":[{"name":"wp","href":"https:\/\/api.w.org\/{rel}","templated":true}]}}