{"id":101422,"date":"2025-11-05T00:15:16","date_gmt":"2025-11-05T00:15:16","guid":{"rendered":"https:\/\/promis.ro\/product\/brigit\/"},"modified":"2025-11-11T19:11:30","modified_gmt":"2025-11-11T19:11:30","slug":"brigit","status":"publish","type":"product","link":"https:\/\/promis.ro\/ro\/produs\/brigit\/","title":{"rendered":"Brigit"},"content":{"rendered":"<p>Suport de carduri cu tehnologie de securitate RFID (Identificare prin Frecven\u021b\u0103 Radio) care p\u0103streaz\u0103 datele cardului \u00een siguran\u021b\u0103. Design elegant, finisaj neted din piele PU neagr\u0103 cu 8 compartimente. Prezentat \u00eentr-o cutie individual\u0103.<\/p>","protected":false},"excerpt":{"rendered":"<p>Suport de carduri cu tehnologie de securitate RFID (Identificare prin Frecven\u021b\u0103 Radio) care p\u0103streaz\u0103 datele cardului \u00een siguran\u021b\u0103. Design elegant,<\/p>","protected":false},"featured_media":150521,"comment_status":"open","ping_status":"closed","template":"","meta":[],"product_brand":[],"product_cat":[180],"product_tag":[],"class_list":{"0":"post-101422","1":"product","2":"type-product","3":"status-publish","4":"has-post-thumbnail","6":"product_cat-cadouri-si-prime","8":"first","9":"instock","10":"shipping-taxable","11":"purchasable","12":"product-type-simple"},"_links":{"self":[{"href":"https:\/\/promis.ro\/ro\/wp-json\/wp\/v2\/product\/101422","targetHints":{"allow":["GET"]}}],"collection":[{"href":"https:\/\/promis.ro\/ro\/wp-json\/wp\/v2\/product"}],"about":[{"href":"https:\/\/promis.ro\/ro\/wp-json\/wp\/v2\/types\/product"}],"replies":[{"embeddable":true,"href":"https:\/\/promis.ro\/ro\/wp-json\/wp\/v2\/comments?post=101422"}],"version-history":[{"count":1,"href":"https:\/\/promis.ro\/ro\/wp-json\/wp\/v2\/product\/101422\/revisions"}],"predecessor-version":[{"id":113304,"href":"https:\/\/promis.ro\/ro\/wp-json\/wp\/v2\/product\/101422\/revisions\/113304"}],"wp:featuredmedia":[{"embeddable":true,"href":"https:\/\/promis.ro\/ro\/wp-json\/wp\/v2\/media\/150521"}],"wp:attachment":[{"href":"https:\/\/promis.ro\/ro\/wp-json\/wp\/v2\/media?parent=101422"}],"wp:term":[{"taxonomy":"product_brand","embeddable":true,"href":"https:\/\/promis.ro\/ro\/wp-json\/wp\/v2\/product_brand?post=101422"},{"taxonomy":"product_cat","embeddable":true,"href":"https:\/\/promis.ro\/ro\/wp-json\/wp\/v2\/product_cat?post=101422"},{"taxonomy":"product_tag","embeddable":true,"href":"https:\/\/promis.ro\/ro\/wp-json\/wp\/v2\/product_tag?post=101422"}],"curies":[{"name":"wp","href":"https:\/\/api.w.org\/{rel}","templated":true}]}}