{"id":101423,"date":"2025-11-05T00:15:16","date_gmt":"2025-11-05T00:15:16","guid":{"rendered":"https:\/\/promis.ro\/product\/krox\/"},"modified":"2025-11-11T19:15:37","modified_gmt":"2025-11-11T19:15:37","slug":"krox","status":"publish","type":"product","link":"https:\/\/promis.ro\/ro\/produs\/krox\/","title":{"rendered":"Krox"},"content":{"rendered":"<p>5 panel cap \u00een material 100% microfibr\u0103\/poliester cu finisaj moale \u0219i \u00eenchidere ajustabil\u0103 cu velcro. Cu g\u0103uri de ventila\u021bie brodate \u0219i o gam\u0103 larg\u0103 de tonuri str\u0103lucitoare.<\/p>","protected":false},"excerpt":{"rendered":"<p>5 panel cap \u00een material 100% microfibr\u0103\/poliester cu finisaj moale \u0219i \u00eenchidere ajustabil\u0103 cu velcro. Cu g\u0103uri de ventila\u021bie brodate<\/p>","protected":false},"featured_media":150523,"comment_status":"open","ping_status":"closed","template":"","meta":[],"product_brand":[],"product_cat":[186],"product_tag":[],"class_list":{"0":"post-101423","1":"product","2":"type-product","3":"status-publish","4":"has-post-thumbnail","6":"product_cat-sepci-si-palarii","8":"first","9":"instock","10":"shipping-taxable","11":"purchasable","12":"product-type-variable"},"_links":{"self":[{"href":"https:\/\/promis.ro\/ro\/wp-json\/wp\/v2\/product\/101423","targetHints":{"allow":["GET"]}}],"collection":[{"href":"https:\/\/promis.ro\/ro\/wp-json\/wp\/v2\/product"}],"about":[{"href":"https:\/\/promis.ro\/ro\/wp-json\/wp\/v2\/types\/product"}],"replies":[{"embeddable":true,"href":"https:\/\/promis.ro\/ro\/wp-json\/wp\/v2\/comments?post=101423"}],"version-history":[{"count":1,"href":"https:\/\/promis.ro\/ro\/wp-json\/wp\/v2\/product\/101423\/revisions"}],"predecessor-version":[{"id":113310,"href":"https:\/\/promis.ro\/ro\/wp-json\/wp\/v2\/product\/101423\/revisions\/113310"}],"wp:featuredmedia":[{"embeddable":true,"href":"https:\/\/promis.ro\/ro\/wp-json\/wp\/v2\/media\/150523"}],"wp:attachment":[{"href":"https:\/\/promis.ro\/ro\/wp-json\/wp\/v2\/media?parent=101423"}],"wp:term":[{"taxonomy":"product_brand","embeddable":true,"href":"https:\/\/promis.ro\/ro\/wp-json\/wp\/v2\/product_brand?post=101423"},{"taxonomy":"product_cat","embeddable":true,"href":"https:\/\/promis.ro\/ro\/wp-json\/wp\/v2\/product_cat?post=101423"},{"taxonomy":"product_tag","embeddable":true,"href":"https:\/\/promis.ro\/ro\/wp-json\/wp\/v2\/product_tag?post=101423"}],"curies":[{"name":"wp","href":"https:\/\/api.w.org\/{rel}","templated":true}]}}