{"id":101424,"date":"2025-11-05T00:15:17","date_gmt":"2025-11-05T00:15:17","guid":{"rendered":"https:\/\/promis.ro\/product\/blazok\/"},"modified":"2025-11-11T19:15:48","modified_gmt":"2025-11-11T19:15:48","slug":"blazok","status":"publish","type":"product","link":"https:\/\/promis.ro\/ro\/produs\/blazok\/","title":{"rendered":"Blazok"},"content":{"rendered":"<p>\u0218apc\u0103 cu 6 panouri, realizat\u0103 dintr-o combina\u021bie de microfibr\u0103 \u0219i poliester. Disponibil\u0103 \u00eentr-o gam\u0103 larg\u0103 de nuan\u021be str\u0103lucitoare, cu orificii de ventila\u021bie brodate \u0219i \u00eenchidere ajustabil\u0103 cu velcro.<\/p>","protected":false},"excerpt":{"rendered":"<p>\u0218apc\u0103 cu 6 panouri, realizat\u0103 dintr-o combina\u021bie de microfibr\u0103 \u0219i poliester. Disponibil\u0103 \u00eentr-o gam\u0103 larg\u0103 de nuan\u021be str\u0103lucitoare, cu orificii<\/p>","protected":false},"featured_media":150526,"comment_status":"open","ping_status":"closed","template":"","meta":[],"product_brand":[],"product_cat":[186],"product_tag":[],"class_list":{"0":"post-101424","1":"product","2":"type-product","3":"status-publish","4":"has-post-thumbnail","6":"product_cat-sepci-si-palarii","8":"first","9":"instock","10":"shipping-taxable","11":"purchasable","12":"product-type-variable"},"_links":{"self":[{"href":"https:\/\/promis.ro\/ro\/wp-json\/wp\/v2\/product\/101424","targetHints":{"allow":["GET"]}}],"collection":[{"href":"https:\/\/promis.ro\/ro\/wp-json\/wp\/v2\/product"}],"about":[{"href":"https:\/\/promis.ro\/ro\/wp-json\/wp\/v2\/types\/product"}],"replies":[{"embeddable":true,"href":"https:\/\/promis.ro\/ro\/wp-json\/wp\/v2\/comments?post=101424"}],"version-history":[{"count":1,"href":"https:\/\/promis.ro\/ro\/wp-json\/wp\/v2\/product\/101424\/revisions"}],"predecessor-version":[{"id":113308,"href":"https:\/\/promis.ro\/ro\/wp-json\/wp\/v2\/product\/101424\/revisions\/113308"}],"wp:featuredmedia":[{"embeddable":true,"href":"https:\/\/promis.ro\/ro\/wp-json\/wp\/v2\/media\/150526"}],"wp:attachment":[{"href":"https:\/\/promis.ro\/ro\/wp-json\/wp\/v2\/media?parent=101424"}],"wp:term":[{"taxonomy":"product_brand","embeddable":true,"href":"https:\/\/promis.ro\/ro\/wp-json\/wp\/v2\/product_brand?post=101424"},{"taxonomy":"product_cat","embeddable":true,"href":"https:\/\/promis.ro\/ro\/wp-json\/wp\/v2\/product_cat?post=101424"},{"taxonomy":"product_tag","embeddable":true,"href":"https:\/\/promis.ro\/ro\/wp-json\/wp\/v2\/product_tag?post=101424"}],"curies":[{"name":"wp","href":"https:\/\/api.w.org\/{rel}","templated":true}]}}