{"id":101425,"date":"2025-11-05T00:15:17","date_gmt":"2025-11-05T00:15:17","guid":{"rendered":"https:\/\/promis.ro\/product\/karif\/"},"modified":"2025-11-11T19:15:58","modified_gmt":"2025-11-11T19:15:58","slug":"karif","status":"publish","type":"product","link":"https:\/\/promis.ro\/ro\/produs\/karif\/","title":{"rendered":"Karif"},"content":{"rendered":"<p>\u0218apc\u0103 cu 5 panouri din microfibr\u0103 moale, disponibil\u0103 \u00eentr-o gam\u0103 larg\u0103 de nuan\u021be str\u0103lucitoare. \u00cenchidere cu buton ajustabil.<\/p>","protected":false},"excerpt":{"rendered":"<p>\u0218apc\u0103 cu 5 panouri din microfibr\u0103 moale, disponibil\u0103 \u00eentr-o gam\u0103 larg\u0103 de nuan\u021be str\u0103lucitoare. \u00cenchidere cu buton ajustabil.<\/p>","protected":false},"featured_media":150528,"comment_status":"open","ping_status":"closed","template":"","meta":[],"product_brand":[],"product_cat":[201],"product_tag":[],"class_list":{"0":"post-101425","1":"product","2":"type-product","3":"status-publish","4":"has-post-thumbnail","6":"product_cat-outlet","8":"first","9":"outofstock","10":"shipping-taxable","11":"purchasable","12":"product-type-variable"},"_links":{"self":[{"href":"https:\/\/promis.ro\/ro\/wp-json\/wp\/v2\/product\/101425","targetHints":{"allow":["GET"]}}],"collection":[{"href":"https:\/\/promis.ro\/ro\/wp-json\/wp\/v2\/product"}],"about":[{"href":"https:\/\/promis.ro\/ro\/wp-json\/wp\/v2\/types\/product"}],"replies":[{"embeddable":true,"href":"https:\/\/promis.ro\/ro\/wp-json\/wp\/v2\/comments?post=101425"}],"version-history":[{"count":1,"href":"https:\/\/promis.ro\/ro\/wp-json\/wp\/v2\/product\/101425\/revisions"}],"predecessor-version":[{"id":113311,"href":"https:\/\/promis.ro\/ro\/wp-json\/wp\/v2\/product\/101425\/revisions\/113311"}],"wp:featuredmedia":[{"embeddable":true,"href":"https:\/\/promis.ro\/ro\/wp-json\/wp\/v2\/media\/150528"}],"wp:attachment":[{"href":"https:\/\/promis.ro\/ro\/wp-json\/wp\/v2\/media?parent=101425"}],"wp:term":[{"taxonomy":"product_brand","embeddable":true,"href":"https:\/\/promis.ro\/ro\/wp-json\/wp\/v2\/product_brand?post=101425"},{"taxonomy":"product_cat","embeddable":true,"href":"https:\/\/promis.ro\/ro\/wp-json\/wp\/v2\/product_cat?post=101425"},{"taxonomy":"product_tag","embeddable":true,"href":"https:\/\/promis.ro\/ro\/wp-json\/wp\/v2\/product_tag?post=101425"}],"curies":[{"name":"wp","href":"https:\/\/api.w.org\/{rel}","templated":true}]}}