{"id":101428,"date":"2025-11-05T00:15:19","date_gmt":"2025-11-05T00:15:19","guid":{"rendered":"https:\/\/promis.ro\/product\/nipex\/"},"modified":"2025-11-11T19:16:38","modified_gmt":"2025-11-11T19:16:38","slug":"nipex","status":"publish","type":"product","link":"https:\/\/promis.ro\/ro\/produs\/nipex\/","title":{"rendered":"Nipex"},"content":{"rendered":"<p>Rucsac cooler cu \u0219nur din poliester moale 210D. Interiorul este c\u0103ptu\u0219it cu aluminiu pentru a men\u021bine temperatura \u0219i este confortabil de purtat folosind m\u00e2nerele cu \u0219nur auto\u00eenchiz\u0103toare negre. Col\u021buri \u00eent\u0103rite \u0219i capacitate maxim\u0103 de 4L. Disponibil \u00eentr-o gam\u0103 larg\u0103 de culori originale.<\/p>","protected":false},"excerpt":{"rendered":"<p>Rucsac cooler cu \u0219nur din poliester moale 210D. Interiorul este c\u0103ptu\u0219it cu aluminiu pentru a men\u021bine temperatura \u0219i este confortabil<\/p>","protected":false},"featured_media":150538,"comment_status":"open","ping_status":"closed","template":"","meta":[],"product_brand":[],"product_cat":[169],"product_tag":[],"class_list":{"0":"post-101428","1":"product","2":"type-product","3":"status-publish","4":"has-post-thumbnail","6":"product_cat-ghiozdane","8":"first","9":"instock","10":"shipping-taxable","11":"purchasable","12":"product-type-variable"},"_links":{"self":[{"href":"https:\/\/promis.ro\/ro\/wp-json\/wp\/v2\/product\/101428","targetHints":{"allow":["GET"]}}],"collection":[{"href":"https:\/\/promis.ro\/ro\/wp-json\/wp\/v2\/product"}],"about":[{"href":"https:\/\/promis.ro\/ro\/wp-json\/wp\/v2\/types\/product"}],"replies":[{"embeddable":true,"href":"https:\/\/promis.ro\/ro\/wp-json\/wp\/v2\/comments?post=101428"}],"version-history":[{"count":1,"href":"https:\/\/promis.ro\/ro\/wp-json\/wp\/v2\/product\/101428\/revisions"}],"predecessor-version":[{"id":113314,"href":"https:\/\/promis.ro\/ro\/wp-json\/wp\/v2\/product\/101428\/revisions\/113314"}],"wp:featuredmedia":[{"embeddable":true,"href":"https:\/\/promis.ro\/ro\/wp-json\/wp\/v2\/media\/150538"}],"wp:attachment":[{"href":"https:\/\/promis.ro\/ro\/wp-json\/wp\/v2\/media?parent=101428"}],"wp:term":[{"taxonomy":"product_brand","embeddable":true,"href":"https:\/\/promis.ro\/ro\/wp-json\/wp\/v2\/product_brand?post=101428"},{"taxonomy":"product_cat","embeddable":true,"href":"https:\/\/promis.ro\/ro\/wp-json\/wp\/v2\/product_cat?post=101428"},{"taxonomy":"product_tag","embeddable":true,"href":"https:\/\/promis.ro\/ro\/wp-json\/wp\/v2\/product_tag?post=101428"}],"curies":[{"name":"wp","href":"https:\/\/api.w.org\/{rel}","templated":true}]}}