{"id":101429,"date":"2025-11-05T00:15:20","date_gmt":"2025-11-05T00:15:20","guid":{"rendered":"https:\/\/promis.ro\/product\/tradan\/"},"modified":"2025-11-11T19:15:59","modified_gmt":"2025-11-11T19:15:59","slug":"tradan","status":"publish","type":"product","link":"https:\/\/promis.ro\/ro\/produs\/tradan\/","title":{"rendered":"Tradan"},"content":{"rendered":"<p>Rucsac r\u0103citor cu \u0219nur pentru copii din poliester moale 210D, cu culori vesele \u0219i \u00eentr-o gam\u0103 larg\u0103 de nuan\u021be. Cu sfori negre auto\u00eenchiz\u0103toare \u0219i col\u021buri \u00eent\u0103rite. Izotermic \u00een interior cu finisaj din aluminiu.<\/p>","protected":false},"excerpt":{"rendered":"<p>Rucsac r\u0103citor cu \u0219nur pentru copii din poliester moale 210D, cu culori vesele \u0219i \u00eentr-o gam\u0103 larg\u0103 de nuan\u021be. Cu<\/p>","protected":false},"featured_media":150540,"comment_status":"open","ping_status":"closed","template":"","meta":[],"product_brand":[],"product_cat":[173],"product_tag":[],"class_list":{"0":"post-101429","1":"product","2":"type-product","3":"status-publish","4":"has-post-thumbnail","6":"product_cat-takeaway","8":"first","9":"instock","10":"shipping-taxable","11":"purchasable","12":"product-type-variable"},"_links":{"self":[{"href":"https:\/\/promis.ro\/ro\/wp-json\/wp\/v2\/product\/101429","targetHints":{"allow":["GET"]}}],"collection":[{"href":"https:\/\/promis.ro\/ro\/wp-json\/wp\/v2\/product"}],"about":[{"href":"https:\/\/promis.ro\/ro\/wp-json\/wp\/v2\/types\/product"}],"replies":[{"embeddable":true,"href":"https:\/\/promis.ro\/ro\/wp-json\/wp\/v2\/comments?post=101429"}],"version-history":[{"count":1,"href":"https:\/\/promis.ro\/ro\/wp-json\/wp\/v2\/product\/101429\/revisions"}],"predecessor-version":[{"id":113315,"href":"https:\/\/promis.ro\/ro\/wp-json\/wp\/v2\/product\/101429\/revisions\/113315"}],"wp:featuredmedia":[{"embeddable":true,"href":"https:\/\/promis.ro\/ro\/wp-json\/wp\/v2\/media\/150540"}],"wp:attachment":[{"href":"https:\/\/promis.ro\/ro\/wp-json\/wp\/v2\/media?parent=101429"}],"wp:term":[{"taxonomy":"product_brand","embeddable":true,"href":"https:\/\/promis.ro\/ro\/wp-json\/wp\/v2\/product_brand?post=101429"},{"taxonomy":"product_cat","embeddable":true,"href":"https:\/\/promis.ro\/ro\/wp-json\/wp\/v2\/product_cat?post=101429"},{"taxonomy":"product_tag","embeddable":true,"href":"https:\/\/promis.ro\/ro\/wp-json\/wp\/v2\/product_tag?post=101429"}],"curies":[{"name":"wp","href":"https:\/\/api.w.org\/{rel}","templated":true}]}}