{"id":101430,"date":"2025-11-05T00:15:21","date_gmt":"2025-11-05T00:15:21","guid":{"rendered":"https:\/\/promis.ro\/product\/zoidel\/"},"modified":"2025-11-11T19:15:51","modified_gmt":"2025-11-11T19:15:51","slug":"zoidel","status":"publish","type":"product","link":"https:\/\/promis.ro\/ro\/produs\/zoidel\/","title":{"rendered":"Zoidel"},"content":{"rendered":"<p>Troler de afaceri cu deschidere complet\u0103, dotat cu 4 ro\u021bi telescopice din nailon. Sobru \u00een culoare, cu m\u00e2ner extern \u00eent\u0103rit de culoare asortat\u0103 \u0219i buzunare frontale practice. Cu etichet\u0103 pentru nume, \u00eencuietoare de securitate cu combina\u021bie numeric\u0103 \u0219i fermoare de culoare asortat\u0103, inclusiv un compartiment interior c\u0103ptu\u0219it pentru laptopuri de p\u00e2n\u0103 la 15 inci \u0219i o gam\u0103 larg\u0103 de buzunare.<\/p>","protected":false},"excerpt":{"rendered":"<p>Troler de afaceri cu deschidere complet\u0103, dotat cu 4 ro\u021bi telescopice din nailon. Sobru \u00een culoare, cu m\u00e2ner extern \u00eent\u0103rit<\/p>","protected":false},"featured_media":150542,"comment_status":"open","ping_status":"closed","template":"","meta":[],"product_brand":[],"product_cat":[171],"product_tag":[],"class_list":{"0":"post-101430","1":"product","2":"type-product","3":"status-publish","4":"has-post-thumbnail","6":"product_cat-birou-si-business","8":"first","9":"instock","10":"shipping-taxable","11":"purchasable","12":"product-type-variable"},"_links":{"self":[{"href":"https:\/\/promis.ro\/ro\/wp-json\/wp\/v2\/product\/101430","targetHints":{"allow":["GET"]}}],"collection":[{"href":"https:\/\/promis.ro\/ro\/wp-json\/wp\/v2\/product"}],"about":[{"href":"https:\/\/promis.ro\/ro\/wp-json\/wp\/v2\/types\/product"}],"replies":[{"embeddable":true,"href":"https:\/\/promis.ro\/ro\/wp-json\/wp\/v2\/comments?post=101430"}],"version-history":[{"count":1,"href":"https:\/\/promis.ro\/ro\/wp-json\/wp\/v2\/product\/101430\/revisions"}],"predecessor-version":[{"id":113330,"href":"https:\/\/promis.ro\/ro\/wp-json\/wp\/v2\/product\/101430\/revisions\/113330"}],"wp:featuredmedia":[{"embeddable":true,"href":"https:\/\/promis.ro\/ro\/wp-json\/wp\/v2\/media\/150542"}],"wp:attachment":[{"href":"https:\/\/promis.ro\/ro\/wp-json\/wp\/v2\/media?parent=101430"}],"wp:term":[{"taxonomy":"product_brand","embeddable":true,"href":"https:\/\/promis.ro\/ro\/wp-json\/wp\/v2\/product_brand?post=101430"},{"taxonomy":"product_cat","embeddable":true,"href":"https:\/\/promis.ro\/ro\/wp-json\/wp\/v2\/product_cat?post=101430"},{"taxonomy":"product_tag","embeddable":true,"href":"https:\/\/promis.ro\/ro\/wp-json\/wp\/v2\/product_tag?post=101430"}],"curies":[{"name":"wp","href":"https:\/\/api.w.org\/{rel}","templated":true}]}}