{"id":101431,"date":"2025-11-05T00:15:21","date_gmt":"2025-11-05T00:15:21","guid":{"rendered":"https:\/\/promis.ro\/product\/modiak\/"},"modified":"2025-11-11T19:12:13","modified_gmt":"2025-11-11T19:12:13","slug":"modiak","status":"publish","type":"product","link":"https:\/\/promis.ro\/ro\/produs\/modiak\/","title":{"rendered":"Modiak"},"content":{"rendered":"<p>5 panouri p\u0103l\u0103rie pentru copii din material 100% microfibr\u0103\/poliester cu finisaj moale \u0219i \u00eenchidere ajustabil\u0103 cu velcro. Cu g\u0103uri de ventila\u021bie brodate \u0219i o gam\u0103 larg\u0103 de tonuri str\u0103lucitoare.<\/p>","protected":false},"excerpt":{"rendered":"<p>5 panouri p\u0103l\u0103rie pentru copii din material 100% microfibr\u0103\/poliester cu finisaj moale \u0219i \u00eenchidere ajustabil\u0103 cu velcro. Cu g\u0103uri de<\/p>","protected":false},"featured_media":150547,"comment_status":"open","ping_status":"closed","template":"","meta":[],"product_brand":[],"product_cat":[186],"product_tag":[],"class_list":{"0":"post-101431","1":"product","2":"type-product","3":"status-publish","4":"has-post-thumbnail","6":"product_cat-sepci-si-palarii","8":"first","9":"instock","10":"shipping-taxable","11":"purchasable","12":"product-type-simple"},"_links":{"self":[{"href":"https:\/\/promis.ro\/ro\/wp-json\/wp\/v2\/product\/101431","targetHints":{"allow":["GET"]}}],"collection":[{"href":"https:\/\/promis.ro\/ro\/wp-json\/wp\/v2\/product"}],"about":[{"href":"https:\/\/promis.ro\/ro\/wp-json\/wp\/v2\/types\/product"}],"replies":[{"embeddable":true,"href":"https:\/\/promis.ro\/ro\/wp-json\/wp\/v2\/comments?post=101431"}],"version-history":[{"count":1,"href":"https:\/\/promis.ro\/ro\/wp-json\/wp\/v2\/product\/101431\/revisions"}],"predecessor-version":[{"id":113316,"href":"https:\/\/promis.ro\/ro\/wp-json\/wp\/v2\/product\/101431\/revisions\/113316"}],"wp:featuredmedia":[{"embeddable":true,"href":"https:\/\/promis.ro\/ro\/wp-json\/wp\/v2\/media\/150547"}],"wp:attachment":[{"href":"https:\/\/promis.ro\/ro\/wp-json\/wp\/v2\/media?parent=101431"}],"wp:term":[{"taxonomy":"product_brand","embeddable":true,"href":"https:\/\/promis.ro\/ro\/wp-json\/wp\/v2\/product_brand?post=101431"},{"taxonomy":"product_cat","embeddable":true,"href":"https:\/\/promis.ro\/ro\/wp-json\/wp\/v2\/product_cat?post=101431"},{"taxonomy":"product_tag","embeddable":true,"href":"https:\/\/promis.ro\/ro\/wp-json\/wp\/v2\/product_tag?post=101431"}],"curies":[{"name":"wp","href":"https:\/\/api.w.org\/{rel}","templated":true}]}}