{"id":101460,"date":"2025-11-05T00:15:42","date_gmt":"2025-11-05T00:15:42","guid":{"rendered":"https:\/\/promis.ro\/product\/bosco\/"},"modified":"2025-11-11T19:17:29","modified_gmt":"2025-11-11T19:17:29","slug":"bosco","status":"publish","type":"product","link":"https:\/\/promis.ro\/ro\/produs\/bosco\/","title":{"rendered":"Bosco"},"content":{"rendered":"<p>Caiet cu copert\u0103 moale la atingere din carton natural rezistent. 100 de foi albe, cu band\u0103 elastic\u0103 \u0219i marcator din \u021bes\u0103tur\u0103 de aceea\u0219i culoare.<\/p>","protected":false},"excerpt":{"rendered":"<p>Caiet cu copert\u0103 moale la atingere din carton natural rezistent. 100 de foi albe, cu band\u0103 elastic\u0103 \u0219i marcator din<\/p>","protected":false},"featured_media":150633,"comment_status":"open","ping_status":"closed","template":"","meta":[],"product_brand":[],"product_cat":[197],"product_tag":[],"class_list":{"0":"post-101460","1":"product","2":"type-product","3":"status-publish","4":"has-post-thumbnail","6":"product_cat-articole-durabile","8":"first","9":"instock","10":"shipping-taxable","11":"purchasable","12":"product-type-variable"},"yoast_head":"<!-- This site is optimized with the Yoast SEO plugin v27.4 - https:\/\/yoast.com\/product\/yoast-seo-wordpress\/ -->\n<title>Bosco - Promis.ro<\/title>\n<meta name=\"description\" content=\"Caiet cu copert\u0103 moale la atingere din carton natural rezistent. 100 de foi albe, cu band\u0103 elastic\u0103 \u0219i marcator din \u021bes\u0103tur\u0103 de aceea\u0219i culoare.\" \/>\n<meta name=\"robots\" content=\"index, follow, max-snippet:-1, max-image-preview:large, max-video-preview:-1\" \/>\n<link rel=\"canonical\" href=\"https:\/\/promis.ro\/ro\/produs\/bosco\/\" \/>\n<meta property=\"og:locale\" content=\"ro_RO\" \/>\n<meta property=\"og:type\" content=\"article\" \/>\n<meta property=\"og:title\" content=\"Bosco - Promis.ro\" \/>\n<meta property=\"og:description\" content=\"Caiet cu copert\u0103 moale la atingere din carton natural rezistent. 100 de foi albe, cu band\u0103 elastic\u0103 \u0219i marcator din \u021bes\u0103tur\u0103 de aceea\u0219i culoare.\" \/>\n<meta property=\"og:url\" content=\"https:\/\/promis.ro\/ro\/produs\/bosco\/\" \/>\n<meta property=\"og:site_name\" content=\"Promis.ro\" \/>\n<meta property=\"article:modified_time\" content=\"2025-11-11T19:17:29+00:00\" \/>\n<meta property=\"og:image\" content=\"https:\/\/promis.ro\/wp-content\/uploads\/2025\/11\/5301-W-1.jpg\" \/>\n\t<meta property=\"og:image:width\" content=\"1080\" \/>\n\t<meta property=\"og:image:height\" content=\"1080\" \/>\n\t<meta property=\"og:image:type\" content=\"image\/jpeg\" \/>\n<meta name=\"twitter:card\" content=\"summary_large_image\" \/>\n<script type=\"application\/ld+json\" class=\"yoast-schema-graph\">{\"@context\":\"https:\\\/\\\/schema.org\",\"@graph\":[{\"@type\":\"WebPage\",\"@id\":\"https:\\\/\\\/promis.ro\\\/product\\\/bosco\\\/\",\"url\":\"https:\\\/\\\/promis.ro\\\/product\\\/bosco\\\/\",\"name\":\"Bosco - Promis.ro\",\"isPartOf\":{\"@id\":\"https:\\\/\\\/promis.ro\\\/#website\"},\"primaryImageOfPage\":{\"@id\":\"https:\\\/\\\/promis.ro\\\/product\\\/bosco\\\/#primaryimage\"},\"image\":{\"@id\":\"https:\\\/\\\/promis.ro\\\/product\\\/bosco\\\/#primaryimage\"},\"thumbnailUrl\":\"https:\\\/\\\/promis.ro\\\/wp-content\\\/uploads\\\/2025\\\/11\\\/5301-W-1.jpg\",\"datePublished\":\"2025-11-05T00:15:42+00:00\",\"dateModified\":\"2025-11-11T19:17:29+00:00\",\"description\":\"Caiet cu copert\u0103 moale la atingere din carton natural rezistent. 100 de foi albe, cu band\u0103 elastic\u0103 \u0219i marcator din \u021bes\u0103tur\u0103 de aceea\u0219i culoare.\",\"breadcrumb\":{\"@id\":\"https:\\\/\\\/promis.ro\\\/product\\\/bosco\\\/#breadcrumb\"},\"inLanguage\":\"ro-RO\",\"potentialAction\":[{\"@type\":\"ReadAction\",\"target\":[\"https:\\\/\\\/promis.ro\\\/product\\\/bosco\\\/\"]}]},{\"@type\":\"ImageObject\",\"inLanguage\":\"ro-RO\",\"@id\":\"https:\\\/\\\/promis.ro\\\/product\\\/bosco\\\/#primaryimage\",\"url\":\"https:\\\/\\\/promis.ro\\\/wp-content\\\/uploads\\\/2025\\\/11\\\/5301-W-1.jpg\",\"contentUrl\":\"https:\\\/\\\/promis.ro\\\/wp-content\\\/uploads\\\/2025\\\/11\\\/5301-W-1.jpg\",\"width\":1080,\"height\":1080},{\"@type\":\"BreadcrumbList\",\"@id\":\"https:\\\/\\\/promis.ro\\\/product\\\/bosco\\\/#breadcrumb\",\"itemListElement\":[{\"@type\":\"ListItem\",\"position\":1,\"name\":\"Home\",\"item\":\"https:\\\/\\\/promis.ro\\\/\"},{\"@type\":\"ListItem\",\"position\":2,\"name\":\"Magazin\",\"item\":\"https:\\\/\\\/promis.ro\\\/magazin\\\/\"},{\"@type\":\"ListItem\",\"position\":3,\"name\":\"Bosco\"}]},{\"@type\":\"WebSite\",\"@id\":\"https:\\\/\\\/promis.ro\\\/#website\",\"url\":\"https:\\\/\\\/promis.ro\\\/\",\"name\":\"Promis.ro\",\"description\":\"\",\"potentialAction\":[{\"@type\":\"SearchAction\",\"target\":{\"@type\":\"EntryPoint\",\"urlTemplate\":\"https:\\\/\\\/promis.ro\\\/?s={search_term_string}\"},\"query-input\":{\"@type\":\"PropertyValueSpecification\",\"valueRequired\":true,\"valueName\":\"search_term_string\"}}],\"inLanguage\":\"ro-RO\"}]}<\/script>\n<!-- \/ Yoast SEO plugin. -->","yoast_head_json":{"title":"Bosco - Promis.ro","description":"Caiet cu copert\u0103 moale la atingere din carton natural rezistent. 100 de foi albe, cu band\u0103 elastic\u0103 \u0219i marcator din \u021bes\u0103tur\u0103 de aceea\u0219i culoare.","robots":{"index":"index","follow":"follow","max-snippet":"max-snippet:-1","max-image-preview":"max-image-preview:large","max-video-preview":"max-video-preview:-1"},"canonical":"https:\/\/promis.ro\/ro\/produs\/bosco\/","og_locale":"ro_RO","og_type":"article","og_title":"Bosco - Promis.ro","og_description":"Caiet cu copert\u0103 moale la atingere din carton natural rezistent. 100 de foi albe, cu band\u0103 elastic\u0103 \u0219i marcator din \u021bes\u0103tur\u0103 de aceea\u0219i culoare.","og_url":"https:\/\/promis.ro\/ro\/produs\/bosco\/","og_site_name":"Promis.ro","article_modified_time":"2025-11-11T19:17:29+00:00","og_image":[{"width":1080,"height":1080,"url":"https:\/\/promis.ro\/wp-content\/uploads\/2025\/11\/5301-W-1.jpg","type":"image\/jpeg"}],"twitter_card":"summary_large_image","schema":{"@context":"https:\/\/schema.org","@graph":[{"@type":"WebPage","@id":"https:\/\/promis.ro\/product\/bosco\/","url":"https:\/\/promis.ro\/product\/bosco\/","name":"Bosco - Promis.ro","isPartOf":{"@id":"https:\/\/promis.ro\/#website"},"primaryImageOfPage":{"@id":"https:\/\/promis.ro\/product\/bosco\/#primaryimage"},"image":{"@id":"https:\/\/promis.ro\/product\/bosco\/#primaryimage"},"thumbnailUrl":"https:\/\/promis.ro\/wp-content\/uploads\/2025\/11\/5301-W-1.jpg","datePublished":"2025-11-05T00:15:42+00:00","dateModified":"2025-11-11T19:17:29+00:00","description":"Caiet cu copert\u0103 moale la atingere din carton natural rezistent. 100 de foi albe, cu band\u0103 elastic\u0103 \u0219i marcator din \u021bes\u0103tur\u0103 de aceea\u0219i culoare.","breadcrumb":{"@id":"https:\/\/promis.ro\/product\/bosco\/#breadcrumb"},"inLanguage":"ro-RO","potentialAction":[{"@type":"ReadAction","target":["https:\/\/promis.ro\/product\/bosco\/"]}]},{"@type":"ImageObject","inLanguage":"ro-RO","@id":"https:\/\/promis.ro\/product\/bosco\/#primaryimage","url":"https:\/\/promis.ro\/wp-content\/uploads\/2025\/11\/5301-W-1.jpg","contentUrl":"https:\/\/promis.ro\/wp-content\/uploads\/2025\/11\/5301-W-1.jpg","width":1080,"height":1080},{"@type":"BreadcrumbList","@id":"https:\/\/promis.ro\/product\/bosco\/#breadcrumb","itemListElement":[{"@type":"ListItem","position":1,"name":"Home","item":"https:\/\/promis.ro\/"},{"@type":"ListItem","position":2,"name":"Magazin","item":"https:\/\/promis.ro\/magazin\/"},{"@type":"ListItem","position":3,"name":"Bosco"}]},{"@type":"WebSite","@id":"https:\/\/promis.ro\/#website","url":"https:\/\/promis.ro\/","name":"Promis.ro","description":"","potentialAction":[{"@type":"SearchAction","target":{"@type":"EntryPoint","urlTemplate":"https:\/\/promis.ro\/?s={search_term_string}"},"query-input":{"@type":"PropertyValueSpecification","valueRequired":true,"valueName":"search_term_string"}}],"inLanguage":"ro-RO"}]}},"_links":{"self":[{"href":"https:\/\/promis.ro\/ro\/wp-json\/wp\/v2\/product\/101460","targetHints":{"allow":["GET"]}}],"collection":[{"href":"https:\/\/promis.ro\/ro\/wp-json\/wp\/v2\/product"}],"about":[{"href":"https:\/\/promis.ro\/ro\/wp-json\/wp\/v2\/types\/product"}],"replies":[{"embeddable":true,"href":"https:\/\/promis.ro\/ro\/wp-json\/wp\/v2\/comments?post=101460"}],"version-history":[{"count":1,"href":"https:\/\/promis.ro\/ro\/wp-json\/wp\/v2\/product\/101460\/revisions"}],"predecessor-version":[{"id":113342,"href":"https:\/\/promis.ro\/ro\/wp-json\/wp\/v2\/product\/101460\/revisions\/113342"}],"wp:featuredmedia":[{"embeddable":true,"href":"https:\/\/promis.ro\/ro\/wp-json\/wp\/v2\/media\/150633"}],"wp:attachment":[{"href":"https:\/\/promis.ro\/ro\/wp-json\/wp\/v2\/media?parent=101460"}],"wp:term":[{"taxonomy":"product_brand","embeddable":true,"href":"https:\/\/promis.ro\/ro\/wp-json\/wp\/v2\/product_brand?post=101460"},{"taxonomy":"product_cat","embeddable":true,"href":"https:\/\/promis.ro\/ro\/wp-json\/wp\/v2\/product_cat?post=101460"},{"taxonomy":"product_tag","embeddable":true,"href":"https:\/\/promis.ro\/ro\/wp-json\/wp\/v2\/product_tag?post=101460"}],"curies":[{"name":"wp","href":"https:\/\/api.w.org\/{rel}","templated":true}]}}