{"id":101465,"date":"2025-11-05T00:15:45","date_gmt":"2025-11-05T00:15:45","guid":{"rendered":"https:\/\/promis.ro\/product\/wanel\/"},"modified":"2025-11-11T19:17:43","modified_gmt":"2025-11-11T19:17:43","slug":"wanel","status":"publish","type":"product","link":"https:\/\/promis.ro\/ro\/produs\/wanel\/","title":{"rendered":"Wanel"},"content":{"rendered":"<p>Geant\u0103 de talie din lycra, de \u00eenalt\u0103 calitate, rezistent\u0103 la stropi de ap\u0103, disponibil\u0103 \u00eentr-o gam\u0103 larg\u0103 de nuan\u021be. Buzunar principal din PVC cu func\u021bie tactil\u0103. Cu buzunar cu fermoar \u00een culoare asortat\u0103, ie\u0219ire pentru c\u0103\u0219ti \u0219i talie elastic\u0103 cu \u00eenchidere cu cataram\u0103 ajustabil\u0103. Proiectat\u0103 pentru activit\u0103\u021bi sportive \u0219i de agrement.<\/p>","protected":false},"excerpt":{"rendered":"<p>Geant\u0103 de talie din lycra, de \u00eenalt\u0103 calitate, rezistent\u0103 la stropi de ap\u0103, disponibil\u0103 \u00eentr-o gam\u0103 larg\u0103 de nuan\u021be. Buzunar<\/p>","protected":false},"featured_media":150646,"comment_status":"open","ping_status":"closed","template":"","meta":[],"product_brand":[],"product_cat":[176],"product_tag":[],"class_list":{"0":"post-101465","1":"product","2":"type-product","3":"status-publish","4":"has-post-thumbnail","6":"product_cat-sport-si-aventura","8":"first","9":"instock","10":"shipping-taxable","11":"purchasable","12":"product-type-variable"},"yoast_head":"<!-- This site is optimized with the Yoast SEO plugin v27.4 - https:\/\/yoast.com\/product\/yoast-seo-wordpress\/ -->\n<title>Wanel - Promis.ro<\/title>\n<meta name=\"description\" content=\"Geant\u0103 de talie din lycra, de \u00eenalt\u0103 calitate, rezistent\u0103 la stropi de ap\u0103, disponibil\u0103 \u00eentr-o gam\u0103 larg\u0103 de nuan\u021be. Buzunar principal din PVC cu func\u021bie\" \/>\n<meta name=\"robots\" content=\"index, follow, max-snippet:-1, max-image-preview:large, max-video-preview:-1\" \/>\n<link rel=\"canonical\" href=\"https:\/\/promis.ro\/ro\/produs\/wanel\/\" \/>\n<meta property=\"og:locale\" content=\"ro_RO\" \/>\n<meta property=\"og:type\" content=\"article\" \/>\n<meta property=\"og:title\" content=\"Wanel - Promis.ro\" \/>\n<meta property=\"og:description\" content=\"Geant\u0103 de talie din lycra, de \u00eenalt\u0103 calitate, rezistent\u0103 la stropi de ap\u0103, disponibil\u0103 \u00eentr-o gam\u0103 larg\u0103 de nuan\u021be. Buzunar principal din PVC cu func\u021bie\" \/>\n<meta property=\"og:url\" content=\"https:\/\/promis.ro\/ro\/produs\/wanel\/\" \/>\n<meta property=\"og:site_name\" content=\"Promis.ro\" \/>\n<meta property=\"article:modified_time\" content=\"2025-11-11T19:17:43+00:00\" \/>\n<meta property=\"og:image\" content=\"https:\/\/promis.ro\/wp-content\/uploads\/2025\/11\/5311-W-1.jpg\" \/>\n\t<meta property=\"og:image:width\" content=\"1080\" \/>\n\t<meta property=\"og:image:height\" content=\"1080\" \/>\n\t<meta property=\"og:image:type\" content=\"image\/jpeg\" \/>\n<meta name=\"twitter:card\" content=\"summary_large_image\" \/>\n<script type=\"application\/ld+json\" class=\"yoast-schema-graph\">{\"@context\":\"https:\\\/\\\/schema.org\",\"@graph\":[{\"@type\":\"WebPage\",\"@id\":\"https:\\\/\\\/promis.ro\\\/product\\\/wanel\\\/\",\"url\":\"https:\\\/\\\/promis.ro\\\/product\\\/wanel\\\/\",\"name\":\"Wanel - Promis.ro\",\"isPartOf\":{\"@id\":\"https:\\\/\\\/promis.ro\\\/#website\"},\"primaryImageOfPage\":{\"@id\":\"https:\\\/\\\/promis.ro\\\/product\\\/wanel\\\/#primaryimage\"},\"image\":{\"@id\":\"https:\\\/\\\/promis.ro\\\/product\\\/wanel\\\/#primaryimage\"},\"thumbnailUrl\":\"https:\\\/\\\/promis.ro\\\/wp-content\\\/uploads\\\/2025\\\/11\\\/5311-W-1.jpg\",\"datePublished\":\"2025-11-05T00:15:45+00:00\",\"dateModified\":\"2025-11-11T19:17:43+00:00\",\"description\":\"Geant\u0103 de talie din lycra, de \u00eenalt\u0103 calitate, rezistent\u0103 la stropi de ap\u0103, disponibil\u0103 \u00eentr-o gam\u0103 larg\u0103 de nuan\u021be. Buzunar principal din PVC cu func\u021bie\",\"breadcrumb\":{\"@id\":\"https:\\\/\\\/promis.ro\\\/product\\\/wanel\\\/#breadcrumb\"},\"inLanguage\":\"ro-RO\",\"potentialAction\":[{\"@type\":\"ReadAction\",\"target\":[\"https:\\\/\\\/promis.ro\\\/product\\\/wanel\\\/\"]}]},{\"@type\":\"ImageObject\",\"inLanguage\":\"ro-RO\",\"@id\":\"https:\\\/\\\/promis.ro\\\/product\\\/wanel\\\/#primaryimage\",\"url\":\"https:\\\/\\\/promis.ro\\\/wp-content\\\/uploads\\\/2025\\\/11\\\/5311-W-1.jpg\",\"contentUrl\":\"https:\\\/\\\/promis.ro\\\/wp-content\\\/uploads\\\/2025\\\/11\\\/5311-W-1.jpg\",\"width\":1080,\"height\":1080},{\"@type\":\"BreadcrumbList\",\"@id\":\"https:\\\/\\\/promis.ro\\\/product\\\/wanel\\\/#breadcrumb\",\"itemListElement\":[{\"@type\":\"ListItem\",\"position\":1,\"name\":\"Home\",\"item\":\"https:\\\/\\\/promis.ro\\\/\"},{\"@type\":\"ListItem\",\"position\":2,\"name\":\"Magazin\",\"item\":\"https:\\\/\\\/promis.ro\\\/magazin\\\/\"},{\"@type\":\"ListItem\",\"position\":3,\"name\":\"Wanel\"}]},{\"@type\":\"WebSite\",\"@id\":\"https:\\\/\\\/promis.ro\\\/#website\",\"url\":\"https:\\\/\\\/promis.ro\\\/\",\"name\":\"Promis.ro\",\"description\":\"\",\"potentialAction\":[{\"@type\":\"SearchAction\",\"target\":{\"@type\":\"EntryPoint\",\"urlTemplate\":\"https:\\\/\\\/promis.ro\\\/?s={search_term_string}\"},\"query-input\":{\"@type\":\"PropertyValueSpecification\",\"valueRequired\":true,\"valueName\":\"search_term_string\"}}],\"inLanguage\":\"ro-RO\"}]}<\/script>\n<!-- \/ Yoast SEO plugin. -->","yoast_head_json":{"title":"Wanel - Promis.ro","description":"Geant\u0103 de talie din lycra, de \u00eenalt\u0103 calitate, rezistent\u0103 la stropi de ap\u0103, disponibil\u0103 \u00eentr-o gam\u0103 larg\u0103 de nuan\u021be. Buzunar principal din PVC cu func\u021bie","robots":{"index":"index","follow":"follow","max-snippet":"max-snippet:-1","max-image-preview":"max-image-preview:large","max-video-preview":"max-video-preview:-1"},"canonical":"https:\/\/promis.ro\/ro\/produs\/wanel\/","og_locale":"ro_RO","og_type":"article","og_title":"Wanel - Promis.ro","og_description":"Geant\u0103 de talie din lycra, de \u00eenalt\u0103 calitate, rezistent\u0103 la stropi de ap\u0103, disponibil\u0103 \u00eentr-o gam\u0103 larg\u0103 de nuan\u021be. Buzunar principal din PVC cu func\u021bie","og_url":"https:\/\/promis.ro\/ro\/produs\/wanel\/","og_site_name":"Promis.ro","article_modified_time":"2025-11-11T19:17:43+00:00","og_image":[{"width":1080,"height":1080,"url":"https:\/\/promis.ro\/wp-content\/uploads\/2025\/11\/5311-W-1.jpg","type":"image\/jpeg"}],"twitter_card":"summary_large_image","schema":{"@context":"https:\/\/schema.org","@graph":[{"@type":"WebPage","@id":"https:\/\/promis.ro\/product\/wanel\/","url":"https:\/\/promis.ro\/product\/wanel\/","name":"Wanel - Promis.ro","isPartOf":{"@id":"https:\/\/promis.ro\/#website"},"primaryImageOfPage":{"@id":"https:\/\/promis.ro\/product\/wanel\/#primaryimage"},"image":{"@id":"https:\/\/promis.ro\/product\/wanel\/#primaryimage"},"thumbnailUrl":"https:\/\/promis.ro\/wp-content\/uploads\/2025\/11\/5311-W-1.jpg","datePublished":"2025-11-05T00:15:45+00:00","dateModified":"2025-11-11T19:17:43+00:00","description":"Geant\u0103 de talie din lycra, de \u00eenalt\u0103 calitate, rezistent\u0103 la stropi de ap\u0103, disponibil\u0103 \u00eentr-o gam\u0103 larg\u0103 de nuan\u021be. Buzunar principal din PVC cu func\u021bie","breadcrumb":{"@id":"https:\/\/promis.ro\/product\/wanel\/#breadcrumb"},"inLanguage":"ro-RO","potentialAction":[{"@type":"ReadAction","target":["https:\/\/promis.ro\/product\/wanel\/"]}]},{"@type":"ImageObject","inLanguage":"ro-RO","@id":"https:\/\/promis.ro\/product\/wanel\/#primaryimage","url":"https:\/\/promis.ro\/wp-content\/uploads\/2025\/11\/5311-W-1.jpg","contentUrl":"https:\/\/promis.ro\/wp-content\/uploads\/2025\/11\/5311-W-1.jpg","width":1080,"height":1080},{"@type":"BreadcrumbList","@id":"https:\/\/promis.ro\/product\/wanel\/#breadcrumb","itemListElement":[{"@type":"ListItem","position":1,"name":"Home","item":"https:\/\/promis.ro\/"},{"@type":"ListItem","position":2,"name":"Magazin","item":"https:\/\/promis.ro\/magazin\/"},{"@type":"ListItem","position":3,"name":"Wanel"}]},{"@type":"WebSite","@id":"https:\/\/promis.ro\/#website","url":"https:\/\/promis.ro\/","name":"Promis.ro","description":"","potentialAction":[{"@type":"SearchAction","target":{"@type":"EntryPoint","urlTemplate":"https:\/\/promis.ro\/?s={search_term_string}"},"query-input":{"@type":"PropertyValueSpecification","valueRequired":true,"valueName":"search_term_string"}}],"inLanguage":"ro-RO"}]}},"_links":{"self":[{"href":"https:\/\/promis.ro\/ro\/wp-json\/wp\/v2\/product\/101465","targetHints":{"allow":["GET"]}}],"collection":[{"href":"https:\/\/promis.ro\/ro\/wp-json\/wp\/v2\/product"}],"about":[{"href":"https:\/\/promis.ro\/ro\/wp-json\/wp\/v2\/types\/product"}],"replies":[{"embeddable":true,"href":"https:\/\/promis.ro\/ro\/wp-json\/wp\/v2\/comments?post=101465"}],"version-history":[{"count":1,"href":"https:\/\/promis.ro\/ro\/wp-json\/wp\/v2\/product\/101465\/revisions"}],"predecessor-version":[{"id":113352,"href":"https:\/\/promis.ro\/ro\/wp-json\/wp\/v2\/product\/101465\/revisions\/113352"}],"wp:featuredmedia":[{"embeddable":true,"href":"https:\/\/promis.ro\/ro\/wp-json\/wp\/v2\/media\/150646"}],"wp:attachment":[{"href":"https:\/\/promis.ro\/ro\/wp-json\/wp\/v2\/media?parent=101465"}],"wp:term":[{"taxonomy":"product_brand","embeddable":true,"href":"https:\/\/promis.ro\/ro\/wp-json\/wp\/v2\/product_brand?post=101465"},{"taxonomy":"product_cat","embeddable":true,"href":"https:\/\/promis.ro\/ro\/wp-json\/wp\/v2\/product_cat?post=101465"},{"taxonomy":"product_tag","embeddable":true,"href":"https:\/\/promis.ro\/ro\/wp-json\/wp\/v2\/product_tag?post=101465"}],"curies":[{"name":"wp","href":"https:\/\/api.w.org\/{rel}","templated":true}]}}