{"id":101484,"date":"2025-11-05T00:16:00","date_gmt":"2025-11-05T00:16:00","guid":{"rendered":"https:\/\/promis.ro\/product\/mathis\/"},"modified":"2025-11-11T19:24:46","modified_gmt":"2025-11-11T19:24:46","slug":"mathis","status":"publish","type":"product","link":"https:\/\/promis.ro\/ro\/produs\/mathis\/","title":{"rendered":"Mathis"},"content":{"rendered":"<p>Rucsac pliabil din poliester moale 201D \u00een tonuri str\u0103lucitoare, cu \u00eenchidere cu fermoar, buzunar frontal \u0219i ie\u0219ire pentru c\u0103\u0219ti. Cu col\u021buri \u00eent\u0103rite, bretele de um\u0103r ajustabile \u0219i accesorii gri. Dimensiune mic\u0103 la pliere cu curea de transport.<\/p>","protected":false},"excerpt":{"rendered":"<p>Rucsac pliabil din poliester moale 201D \u00een tonuri str\u0103lucitoare, cu \u00eenchidere cu fermoar, buzunar frontal \u0219i ie\u0219ire pentru c\u0103\u0219ti. Cu<\/p>","protected":false},"featured_media":151383,"comment_status":"open","ping_status":"closed","template":"","meta":[],"product_brand":[],"product_cat":[169],"product_tag":[],"class_list":{"0":"post-101484","1":"product","2":"type-product","3":"status-publish","4":"has-post-thumbnail","6":"product_cat-ghiozdane","8":"first","9":"outofstock","10":"shipping-taxable","11":"purchasable","12":"product-type-variable"},"_links":{"self":[{"href":"https:\/\/promis.ro\/ro\/wp-json\/wp\/v2\/product\/101484","targetHints":{"allow":["GET"]}}],"collection":[{"href":"https:\/\/promis.ro\/ro\/wp-json\/wp\/v2\/product"}],"about":[{"href":"https:\/\/promis.ro\/ro\/wp-json\/wp\/v2\/types\/product"}],"replies":[{"embeddable":true,"href":"https:\/\/promis.ro\/ro\/wp-json\/wp\/v2\/comments?post=101484"}],"version-history":[{"count":1,"href":"https:\/\/promis.ro\/ro\/wp-json\/wp\/v2\/product\/101484\/revisions"}],"predecessor-version":[{"id":113369,"href":"https:\/\/promis.ro\/ro\/wp-json\/wp\/v2\/product\/101484\/revisions\/113369"}],"wp:featuredmedia":[{"embeddable":true,"href":"https:\/\/promis.ro\/ro\/wp-json\/wp\/v2\/media\/151383"}],"wp:attachment":[{"href":"https:\/\/promis.ro\/ro\/wp-json\/wp\/v2\/media?parent=101484"}],"wp:term":[{"taxonomy":"product_brand","embeddable":true,"href":"https:\/\/promis.ro\/ro\/wp-json\/wp\/v2\/product_brand?post=101484"},{"taxonomy":"product_cat","embeddable":true,"href":"https:\/\/promis.ro\/ro\/wp-json\/wp\/v2\/product_cat?post=101484"},{"taxonomy":"product_tag","embeddable":true,"href":"https:\/\/promis.ro\/ro\/wp-json\/wp\/v2\/product_tag?post=101484"}],"curies":[{"name":"wp","href":"https:\/\/api.w.org\/{rel}","templated":true}]}}