{"id":101486,"date":"2025-11-05T00:16:01","date_gmt":"2025-11-05T00:16:01","guid":{"rendered":"https:\/\/promis.ro\/product\/yodel\/"},"modified":"2025-11-11T19:18:23","modified_gmt":"2025-11-11T19:18:23","slug":"yodel","status":"publish","type":"product","link":"https:\/\/promis.ro\/ro\/produs\/yodel\/","title":{"rendered":"Yodel"},"content":{"rendered":"<p>Pix elegant cu mecanism de r\u0103sucire \u00eentr-un design sobru. Corp metalic antiderapant cu finisaj argintiu lucios, cu clip de aceea\u0219i culoare. Prezentat \u00eentr-o elegant\u0103 cutie individual\u0103 din piele PU neagr\u0103, cu interior din catifea alb\u0103 moale. Cerneal\u0103 albastr\u0103 de calitate german\u0103.<\/p>","protected":false},"excerpt":{"rendered":"<p>Pix elegant cu mecanism de r\u0103sucire \u00eentr-un design sobru. Corp metalic antiderapant cu finisaj argintiu lucios, cu clip de aceea\u0219i<\/p>","protected":false},"featured_media":151387,"comment_status":"open","ping_status":"closed","template":"","meta":[],"product_brand":[],"product_cat":[175],"product_tag":[],"class_list":{"0":"post-101486","1":"product","2":"type-product","3":"status-publish","4":"has-post-thumbnail","6":"product_cat-scris","8":"first","9":"instock","10":"shipping-taxable","11":"purchasable","12":"product-type-simple"},"_links":{"self":[{"href":"https:\/\/promis.ro\/ro\/wp-json\/wp\/v2\/product\/101486","targetHints":{"allow":["GET"]}}],"collection":[{"href":"https:\/\/promis.ro\/ro\/wp-json\/wp\/v2\/product"}],"about":[{"href":"https:\/\/promis.ro\/ro\/wp-json\/wp\/v2\/types\/product"}],"replies":[{"embeddable":true,"href":"https:\/\/promis.ro\/ro\/wp-json\/wp\/v2\/comments?post=101486"}],"version-history":[{"count":1,"href":"https:\/\/promis.ro\/ro\/wp-json\/wp\/v2\/product\/101486\/revisions"}],"predecessor-version":[{"id":113378,"href":"https:\/\/promis.ro\/ro\/wp-json\/wp\/v2\/product\/101486\/revisions\/113378"}],"wp:featuredmedia":[{"embeddable":true,"href":"https:\/\/promis.ro\/ro\/wp-json\/wp\/v2\/media\/151387"}],"wp:attachment":[{"href":"https:\/\/promis.ro\/ro\/wp-json\/wp\/v2\/media?parent=101486"}],"wp:term":[{"taxonomy":"product_brand","embeddable":true,"href":"https:\/\/promis.ro\/ro\/wp-json\/wp\/v2\/product_brand?post=101486"},{"taxonomy":"product_cat","embeddable":true,"href":"https:\/\/promis.ro\/ro\/wp-json\/wp\/v2\/product_cat?post=101486"},{"taxonomy":"product_tag","embeddable":true,"href":"https:\/\/promis.ro\/ro\/wp-json\/wp\/v2\/product_tag?post=101486"}],"curies":[{"name":"wp","href":"https:\/\/api.w.org\/{rel}","templated":true}]}}