{"id":101939,"date":"2025-11-05T00:19:45","date_gmt":"2025-11-05T00:19:45","guid":{"rendered":"https:\/\/promis.ro\/product\/flentul\/"},"modified":"2025-11-11T19:25:24","modified_gmt":"2025-11-11T19:25:24","slug":"flentul","status":"publish","type":"product","link":"https:\/\/promis.ro\/ro\/produs\/flentul\/","title":{"rendered":"Flentul"},"content":{"rendered":"<p>Scaun pliant cu corp din aluminiu tubular rezistent. \u00cen poliester 600D rezistent, \u00eentr-o gam\u0103 larg\u0103 de nuan\u021be str\u0103lucitoare. Cu cus\u0103turi \u00eent\u0103rite, \u00eent\u0103rituri din cauciuc antiderapant pe picioare \u0219i prezentat \u00eentr-o hus\u0103 individual\u0103 cu cordon auto\u00eenchiz\u0103tor, accesoriu de ajustare \u0219i curea de um\u0103r.<\/p>","protected":false},"excerpt":{"rendered":"<p>Scaun pliant cu corp din aluminiu tubular rezistent. \u00cen poliester 600D rezistent, \u00eentr-o gam\u0103 larg\u0103 de nuan\u021be str\u0103lucitoare. Cu cus\u0103turi<\/p>","protected":false},"featured_media":151484,"comment_status":"open","ping_status":"closed","template":"","meta":[],"product_brand":[],"product_cat":[177],"product_tag":[],"class_list":{"0":"post-101939","1":"product","2":"type-product","3":"status-publish","4":"has-post-thumbnail","6":"product_cat-timp-liber-si-divertisment","8":"first","9":"instock","10":"shipping-taxable","11":"purchasable","12":"product-type-variable"},"_links":{"self":[{"href":"https:\/\/promis.ro\/ro\/wp-json\/wp\/v2\/product\/101939","targetHints":{"allow":["GET"]}}],"collection":[{"href":"https:\/\/promis.ro\/ro\/wp-json\/wp\/v2\/product"}],"about":[{"href":"https:\/\/promis.ro\/ro\/wp-json\/wp\/v2\/types\/product"}],"replies":[{"embeddable":true,"href":"https:\/\/promis.ro\/ro\/wp-json\/wp\/v2\/comments?post=101939"}],"version-history":[{"count":1,"href":"https:\/\/promis.ro\/ro\/wp-json\/wp\/v2\/product\/101939\/revisions"}],"predecessor-version":[{"id":113409,"href":"https:\/\/promis.ro\/ro\/wp-json\/wp\/v2\/product\/101939\/revisions\/113409"}],"wp:featuredmedia":[{"embeddable":true,"href":"https:\/\/promis.ro\/ro\/wp-json\/wp\/v2\/media\/151484"}],"wp:attachment":[{"href":"https:\/\/promis.ro\/ro\/wp-json\/wp\/v2\/media?parent=101939"}],"wp:term":[{"taxonomy":"product_brand","embeddable":true,"href":"https:\/\/promis.ro\/ro\/wp-json\/wp\/v2\/product_brand?post=101939"},{"taxonomy":"product_cat","embeddable":true,"href":"https:\/\/promis.ro\/ro\/wp-json\/wp\/v2\/product_cat?post=101939"},{"taxonomy":"product_tag","embeddable":true,"href":"https:\/\/promis.ro\/ro\/wp-json\/wp\/v2\/product_tag?post=101939"}],"curies":[{"name":"wp","href":"https:\/\/api.w.org\/{rel}","templated":true}]}}