{"id":103328,"date":"2025-11-05T00:32:10","date_gmt":"2025-11-05T00:32:10","guid":{"rendered":"https:\/\/promis.ro\/product\/babit\/"},"modified":"2025-11-11T19:39:04","modified_gmt":"2025-11-11T19:39:04","slug":"babit","status":"publish","type":"product","link":"https:\/\/promis.ro\/ro\/produs\/babit\/","title":{"rendered":"Babit"},"content":{"rendered":"<p>Geant\u0103 multifunc\u021bional\u0103 dintr-o combina\u021bie moale de materiale din bumbac \u0219i poliester \u00een culori naturale. Fermuar \u00een culoare asortat\u0103, cu un \u0219nur \u00eempletit practic \u0219i un ochi metalic de \u00eent\u0103rire. C\u0103ptu\u0219eal\u0103 interioar\u0103 moale \u00een culoare natural\u0103.<\/p>","protected":false},"excerpt":{"rendered":"<p>Geant\u0103 multifunc\u021bional\u0103 dintr-o combina\u021bie moale de materiale din bumbac \u0219i poliester \u00een culori naturale. Fermuar \u00een culoare asortat\u0103, cu un<\/p>","protected":false},"featured_media":153381,"comment_status":"open","ping_status":"closed","template":"","meta":[],"product_brand":[],"product_cat":[181],"product_tag":[],"class_list":{"0":"post-103328","1":"product","2":"type-product","3":"status-publish","4":"has-post-thumbnail","6":"product_cat-ingrijire-personala-si-farmaceutica","8":"first","9":"instock","10":"shipping-taxable","11":"purchasable","12":"product-type-simple"},"_links":{"self":[{"href":"https:\/\/promis.ro\/ro\/wp-json\/wp\/v2\/product\/103328","targetHints":{"allow":["GET"]}}],"collection":[{"href":"https:\/\/promis.ro\/ro\/wp-json\/wp\/v2\/product"}],"about":[{"href":"https:\/\/promis.ro\/ro\/wp-json\/wp\/v2\/types\/product"}],"replies":[{"embeddable":true,"href":"https:\/\/promis.ro\/ro\/wp-json\/wp\/v2\/comments?post=103328"}],"version-history":[{"count":1,"href":"https:\/\/promis.ro\/ro\/wp-json\/wp\/v2\/product\/103328\/revisions"}],"predecessor-version":[{"id":113582,"href":"https:\/\/promis.ro\/ro\/wp-json\/wp\/v2\/product\/103328\/revisions\/113582"}],"wp:featuredmedia":[{"embeddable":true,"href":"https:\/\/promis.ro\/ro\/wp-json\/wp\/v2\/media\/153381"}],"wp:attachment":[{"href":"https:\/\/promis.ro\/ro\/wp-json\/wp\/v2\/media?parent=103328"}],"wp:term":[{"taxonomy":"product_brand","embeddable":true,"href":"https:\/\/promis.ro\/ro\/wp-json\/wp\/v2\/product_brand?post=103328"},{"taxonomy":"product_cat","embeddable":true,"href":"https:\/\/promis.ro\/ro\/wp-json\/wp\/v2\/product_cat?post=103328"},{"taxonomy":"product_tag","embeddable":true,"href":"https:\/\/promis.ro\/ro\/wp-json\/wp\/v2\/product_tag?post=103328"}],"curies":[{"name":"wp","href":"https:\/\/api.w.org\/{rel}","templated":true}]}}