{"id":103336,"date":"2025-11-05T00:32:14","date_gmt":"2025-11-05T00:32:14","guid":{"rendered":"https:\/\/promis.ro\/product\/facon\/"},"modified":"2025-11-11T19:39:37","modified_gmt":"2025-11-11T19:39:37","slug":"facon","status":"publish","type":"product","link":"https:\/\/promis.ro\/ro\/produs\/facon\/","title":{"rendered":"Facon"},"content":{"rendered":"<p>Set de 4 jocuri de abilit\u0103\u021bi din o\u021bel inoxidabil pentru cei mai iste\u021bi juc\u0103tori. Prezentat \u00eentr-un sac individual de culoare artizanal\u0103 cu \u00eenchidere cu \u0219nur ajustabil.<\/p>","protected":false},"excerpt":{"rendered":"<p>Set de 4 jocuri de abilit\u0103\u021bi din o\u021bel inoxidabil pentru cei mai iste\u021bi juc\u0103tori. Prezentat \u00eentr-un sac individual de culoare<\/p>","protected":false},"featured_media":153404,"comment_status":"open","ping_status":"closed","template":"","meta":[],"product_brand":[],"product_cat":[180],"product_tag":[],"class_list":{"0":"post-103336","1":"product","2":"type-product","3":"status-publish","4":"has-post-thumbnail","6":"product_cat-cadouri-si-prime","8":"first","9":"outofstock","10":"shipping-taxable","11":"purchasable","12":"product-type-simple"},"_links":{"self":[{"href":"https:\/\/promis.ro\/ro\/wp-json\/wp\/v2\/product\/103336","targetHints":{"allow":["GET"]}}],"collection":[{"href":"https:\/\/promis.ro\/ro\/wp-json\/wp\/v2\/product"}],"about":[{"href":"https:\/\/promis.ro\/ro\/wp-json\/wp\/v2\/types\/product"}],"replies":[{"embeddable":true,"href":"https:\/\/promis.ro\/ro\/wp-json\/wp\/v2\/comments?post=103336"}],"version-history":[{"count":1,"href":"https:\/\/promis.ro\/ro\/wp-json\/wp\/v2\/product\/103336\/revisions"}],"predecessor-version":[{"id":113587,"href":"https:\/\/promis.ro\/ro\/wp-json\/wp\/v2\/product\/103336\/revisions\/113587"}],"wp:featuredmedia":[{"embeddable":true,"href":"https:\/\/promis.ro\/ro\/wp-json\/wp\/v2\/media\/153404"}],"wp:attachment":[{"href":"https:\/\/promis.ro\/ro\/wp-json\/wp\/v2\/media?parent=103336"}],"wp:term":[{"taxonomy":"product_brand","embeddable":true,"href":"https:\/\/promis.ro\/ro\/wp-json\/wp\/v2\/product_brand?post=103336"},{"taxonomy":"product_cat","embeddable":true,"href":"https:\/\/promis.ro\/ro\/wp-json\/wp\/v2\/product_cat?post=103336"},{"taxonomy":"product_tag","embeddable":true,"href":"https:\/\/promis.ro\/ro\/wp-json\/wp\/v2\/product_tag?post=103336"}],"curies":[{"name":"wp","href":"https:\/\/api.w.org\/{rel}","templated":true}]}}