{"id":103337,"date":"2025-11-05T00:32:15","date_gmt":"2025-11-05T00:32:15","guid":{"rendered":"https:\/\/promis.ro\/product\/galtax\/"},"modified":"2025-11-11T19:50:50","modified_gmt":"2025-11-11T19:50:50","slug":"galtax","status":"publish","type":"product","link":"https:\/\/promis.ro\/ro\/produs\/galtax\/","title":{"rendered":"Galtax"},"content":{"rendered":"<p>Fr\u00e2nghie de s\u0103rit 240cm lungime \u00een tonuri str\u0103lucitoare \u0219i cu m\u00e2nere din lemn l\u0103cuite, confortabile. Prezentare pliat\u0103.<\/p>","protected":false},"excerpt":{"rendered":"<p>Fr\u00e2nghie de s\u0103rit 240cm lungime \u00een tonuri str\u0103lucitoare \u0219i cu m\u00e2nere din lemn l\u0103cuite, confortabile. Prezentare pliat\u0103.<\/p>","protected":false},"featured_media":153409,"comment_status":"open","ping_status":"closed","template":"","meta":[],"product_brand":[],"product_cat":[180],"product_tag":[],"class_list":{"0":"post-103337","1":"product","2":"type-product","3":"status-publish","4":"has-post-thumbnail","6":"product_cat-cadouri-si-prime","8":"first","9":"instock","10":"shipping-taxable","11":"purchasable","12":"product-type-variable"},"_links":{"self":[{"href":"https:\/\/promis.ro\/ro\/wp-json\/wp\/v2\/product\/103337","targetHints":{"allow":["GET"]}}],"collection":[{"href":"https:\/\/promis.ro\/ro\/wp-json\/wp\/v2\/product"}],"about":[{"href":"https:\/\/promis.ro\/ro\/wp-json\/wp\/v2\/types\/product"}],"replies":[{"embeddable":true,"href":"https:\/\/promis.ro\/ro\/wp-json\/wp\/v2\/comments?post=103337"}],"version-history":[{"count":1,"href":"https:\/\/promis.ro\/ro\/wp-json\/wp\/v2\/product\/103337\/revisions"}],"predecessor-version":[{"id":113576,"href":"https:\/\/promis.ro\/ro\/wp-json\/wp\/v2\/product\/103337\/revisions\/113576"}],"wp:featuredmedia":[{"embeddable":true,"href":"https:\/\/promis.ro\/ro\/wp-json\/wp\/v2\/media\/153409"}],"wp:attachment":[{"href":"https:\/\/promis.ro\/ro\/wp-json\/wp\/v2\/media?parent=103337"}],"wp:term":[{"taxonomy":"product_brand","embeddable":true,"href":"https:\/\/promis.ro\/ro\/wp-json\/wp\/v2\/product_brand?post=103337"},{"taxonomy":"product_cat","embeddable":true,"href":"https:\/\/promis.ro\/ro\/wp-json\/wp\/v2\/product_cat?post=103337"},{"taxonomy":"product_tag","embeddable":true,"href":"https:\/\/promis.ro\/ro\/wp-json\/wp\/v2\/product_tag?post=103337"}],"curies":[{"name":"wp","href":"https:\/\/api.w.org\/{rel}","templated":true}]}}