{"id":103338,"date":"2025-11-05T00:32:16","date_gmt":"2025-11-05T00:32:16","guid":{"rendered":"https:\/\/promis.ro\/product\/chupon\/"},"modified":"2025-11-11T19:39:50","modified_gmt":"2025-11-11T19:39:50","slug":"chupon","status":"publish","type":"product","link":"https:\/\/promis.ro\/ro\/produs\/chupon\/","title":{"rendered":"Chupon"},"content":{"rendered":"<p>Vaz\u0103 de supt \u00een designuri amuzante de ra\u021b\u0103 \u0219i pisicu\u021b\u0103. Pur \u0219i simplu l\u0103sa\u021bi paiul \u00een ap\u0103 pentru absorb\u021bie \u0219i flori spectaculoase de petunie vor \u00eenflori. Corpul vazei este din ceramic\u0103, cu 10-12 semin\u021be incluse. Prezentat\u0103 \u00eentr-o cutie de design atractiv\u0103.<\/p>","protected":false},"excerpt":{"rendered":"<p>Vaz\u0103 de supt \u00een designuri amuzante de ra\u021b\u0103 \u0219i pisicu\u021b\u0103. Pur \u0219i simplu l\u0103sa\u021bi paiul \u00een ap\u0103 pentru absorb\u021bie \u0219i<\/p>","protected":false},"featured_media":153411,"comment_status":"open","ping_status":"closed","template":"","meta":[],"product_brand":[],"product_cat":[180],"product_tag":[],"class_list":{"0":"post-103338","1":"product","2":"type-product","3":"status-publish","4":"has-post-thumbnail","6":"product_cat-cadouri-si-prime","8":"first","9":"instock","10":"shipping-taxable","11":"purchasable","12":"product-type-simple"},"_links":{"self":[{"href":"https:\/\/promis.ro\/ro\/wp-json\/wp\/v2\/product\/103338","targetHints":{"allow":["GET"]}}],"collection":[{"href":"https:\/\/promis.ro\/ro\/wp-json\/wp\/v2\/product"}],"about":[{"href":"https:\/\/promis.ro\/ro\/wp-json\/wp\/v2\/types\/product"}],"replies":[{"embeddable":true,"href":"https:\/\/promis.ro\/ro\/wp-json\/wp\/v2\/comments?post=103338"}],"version-history":[{"count":1,"href":"https:\/\/promis.ro\/ro\/wp-json\/wp\/v2\/product\/103338\/revisions"}],"predecessor-version":[{"id":113593,"href":"https:\/\/promis.ro\/ro\/wp-json\/wp\/v2\/product\/103338\/revisions\/113593"}],"wp:featuredmedia":[{"embeddable":true,"href":"https:\/\/promis.ro\/ro\/wp-json\/wp\/v2\/media\/153411"}],"wp:attachment":[{"href":"https:\/\/promis.ro\/ro\/wp-json\/wp\/v2\/media?parent=103338"}],"wp:term":[{"taxonomy":"product_brand","embeddable":true,"href":"https:\/\/promis.ro\/ro\/wp-json\/wp\/v2\/product_brand?post=103338"},{"taxonomy":"product_cat","embeddable":true,"href":"https:\/\/promis.ro\/ro\/wp-json\/wp\/v2\/product_cat?post=103338"},{"taxonomy":"product_tag","embeddable":true,"href":"https:\/\/promis.ro\/ro\/wp-json\/wp\/v2\/product_tag?post=103338"}],"curies":[{"name":"wp","href":"https:\/\/api.w.org\/{rel}","templated":true}]}}