{"id":103339,"date":"2025-11-05T00:32:16","date_gmt":"2025-11-05T00:32:16","guid":{"rendered":"https:\/\/promis.ro\/product\/plumiax\/"},"modified":"2025-11-11T19:39:55","modified_gmt":"2025-11-11T19:39:55","slug":"plumiax","status":"publish","type":"product","link":"https:\/\/promis.ro\/ro\/produs\/plumiax\/","title":{"rendered":"Plumiax"},"content":{"rendered":"<p>Oglind\u0103 pliabil\u0103 cu un finisaj elegant din piele PU alb\u0103. Cu dou\u0103 oglinzi interioare: 1X \u0219i 2X amplificare.<\/p>","protected":false},"excerpt":{"rendered":"<p>Oglind\u0103 pliabil\u0103 cu un finisaj elegant din piele PU alb\u0103. Cu dou\u0103 oglinzi interioare: 1X \u0219i 2X amplificare.<\/p>","protected":false},"featured_media":153416,"comment_status":"open","ping_status":"closed","template":"","meta":[],"product_brand":[],"product_cat":[181],"product_tag":[],"class_list":{"0":"post-103339","1":"product","2":"type-product","3":"status-publish","4":"has-post-thumbnail","6":"product_cat-ingrijire-personala-si-farmaceutica","8":"first","9":"instock","10":"shipping-taxable","11":"purchasable","12":"product-type-simple"},"_links":{"self":[{"href":"https:\/\/promis.ro\/ro\/wp-json\/wp\/v2\/product\/103339","targetHints":{"allow":["GET"]}}],"collection":[{"href":"https:\/\/promis.ro\/ro\/wp-json\/wp\/v2\/product"}],"about":[{"href":"https:\/\/promis.ro\/ro\/wp-json\/wp\/v2\/types\/product"}],"replies":[{"embeddable":true,"href":"https:\/\/promis.ro\/ro\/wp-json\/wp\/v2\/comments?post=103339"}],"version-history":[{"count":1,"href":"https:\/\/promis.ro\/ro\/wp-json\/wp\/v2\/product\/103339\/revisions"}],"predecessor-version":[{"id":113585,"href":"https:\/\/promis.ro\/ro\/wp-json\/wp\/v2\/product\/103339\/revisions\/113585"}],"wp:featuredmedia":[{"embeddable":true,"href":"https:\/\/promis.ro\/ro\/wp-json\/wp\/v2\/media\/153416"}],"wp:attachment":[{"href":"https:\/\/promis.ro\/ro\/wp-json\/wp\/v2\/media?parent=103339"}],"wp:term":[{"taxonomy":"product_brand","embeddable":true,"href":"https:\/\/promis.ro\/ro\/wp-json\/wp\/v2\/product_brand?post=103339"},{"taxonomy":"product_cat","embeddable":true,"href":"https:\/\/promis.ro\/ro\/wp-json\/wp\/v2\/product_cat?post=103339"},{"taxonomy":"product_tag","embeddable":true,"href":"https:\/\/promis.ro\/ro\/wp-json\/wp\/v2\/product_tag?post=103339"}],"curies":[{"name":"wp","href":"https:\/\/api.w.org\/{rel}","templated":true}]}}