{"id":103340,"date":"2025-11-05T00:32:16","date_gmt":"2025-11-05T00:32:16","guid":{"rendered":"https:\/\/promis.ro\/product\/paipen\/"},"modified":"2025-11-11T19:50:59","modified_gmt":"2025-11-11T19:50:59","slug":"paipen","status":"publish","type":"product","link":"https:\/\/promis.ro\/ro\/produs\/paipen\/","title":{"rendered":"Paipen"},"content":{"rendered":"<p>Pix de scris cu bil\u0103 atr\u0103g\u0103tor, disponibil \u00eentr-o gam\u0103 larg\u0103 de culori vii. Zon\u0103 larg\u0103 pentru logo pentru imprimare prin tampon. \u00cenchidere cu capac \u0219i re\u00eenc\u0103rcare cu cerneal\u0103 albastr\u0103.<\/p>","protected":false},"excerpt":{"rendered":"<p>Pix de scris cu bil\u0103 atr\u0103g\u0103tor, disponibil \u00eentr-o gam\u0103 larg\u0103 de culori vii. Zon\u0103 larg\u0103 pentru logo pentru imprimare prin<\/p>","protected":false},"featured_media":153421,"comment_status":"open","ping_status":"closed","template":"","meta":[],"product_brand":[],"product_cat":[188],"product_tag":[],"class_list":{"0":"post-103340","1":"product","2":"type-product","3":"status-publish","4":"has-post-thumbnail","6":"product_cat-vara-si-plaja","8":"first","9":"outofstock","10":"shipping-taxable","11":"purchasable","12":"product-type-variable"},"_links":{"self":[{"href":"https:\/\/promis.ro\/ro\/wp-json\/wp\/v2\/product\/103340","targetHints":{"allow":["GET"]}}],"collection":[{"href":"https:\/\/promis.ro\/ro\/wp-json\/wp\/v2\/product"}],"about":[{"href":"https:\/\/promis.ro\/ro\/wp-json\/wp\/v2\/types\/product"}],"replies":[{"embeddable":true,"href":"https:\/\/promis.ro\/ro\/wp-json\/wp\/v2\/comments?post=103340"}],"version-history":[{"count":1,"href":"https:\/\/promis.ro\/ro\/wp-json\/wp\/v2\/product\/103340\/revisions"}],"predecessor-version":[{"id":113584,"href":"https:\/\/promis.ro\/ro\/wp-json\/wp\/v2\/product\/103340\/revisions\/113584"}],"wp:featuredmedia":[{"embeddable":true,"href":"https:\/\/promis.ro\/ro\/wp-json\/wp\/v2\/media\/153421"}],"wp:attachment":[{"href":"https:\/\/promis.ro\/ro\/wp-json\/wp\/v2\/media?parent=103340"}],"wp:term":[{"taxonomy":"product_brand","embeddable":true,"href":"https:\/\/promis.ro\/ro\/wp-json\/wp\/v2\/product_brand?post=103340"},{"taxonomy":"product_cat","embeddable":true,"href":"https:\/\/promis.ro\/ro\/wp-json\/wp\/v2\/product_cat?post=103340"},{"taxonomy":"product_tag","embeddable":true,"href":"https:\/\/promis.ro\/ro\/wp-json\/wp\/v2\/product_tag?post=103340"}],"curies":[{"name":"wp","href":"https:\/\/api.w.org\/{rel}","templated":true}]}}