{"id":103343,"date":"2025-11-05T00:32:18","date_gmt":"2025-11-05T00:32:18","guid":{"rendered":"https:\/\/promis.ro\/product\/ribban\/"},"modified":"2025-11-11T19:50:54","modified_gmt":"2025-11-11T19:50:54","slug":"ribban","status":"publish","type":"product","link":"https:\/\/promis.ro\/ro\/produs\/ribban\/","title":{"rendered":"Ribban"},"content":{"rendered":"<p>Foulard moale din material viscose \u00eentr-o gam\u0103 larg\u0103 de culori. L\u0103\u021bime special\u0103.<\/p>","protected":false},"excerpt":{"rendered":"<p>Foulard moale din material viscose \u00eentr-o gam\u0103 larg\u0103 de culori. L\u0103\u021bime special\u0103.<\/p>","protected":false},"featured_media":153430,"comment_status":"open","ping_status":"closed","template":"","meta":[],"product_brand":[],"product_cat":[194],"product_tag":[],"class_list":{"0":"post-103343","1":"product","2":"type-product","3":"status-publish","4":"has-post-thumbnail","6":"product_cat-dama","8":"first","9":"instock","10":"shipping-taxable","11":"purchasable","12":"product-type-variable"},"_links":{"self":[{"href":"https:\/\/promis.ro\/ro\/wp-json\/wp\/v2\/product\/103343","targetHints":{"allow":["GET"]}}],"collection":[{"href":"https:\/\/promis.ro\/ro\/wp-json\/wp\/v2\/product"}],"about":[{"href":"https:\/\/promis.ro\/ro\/wp-json\/wp\/v2\/types\/product"}],"replies":[{"embeddable":true,"href":"https:\/\/promis.ro\/ro\/wp-json\/wp\/v2\/comments?post=103343"}],"version-history":[{"count":1,"href":"https:\/\/promis.ro\/ro\/wp-json\/wp\/v2\/product\/103343\/revisions"}],"predecessor-version":[{"id":113589,"href":"https:\/\/promis.ro\/ro\/wp-json\/wp\/v2\/product\/103343\/revisions\/113589"}],"wp:featuredmedia":[{"embeddable":true,"href":"https:\/\/promis.ro\/ro\/wp-json\/wp\/v2\/media\/153430"}],"wp:attachment":[{"href":"https:\/\/promis.ro\/ro\/wp-json\/wp\/v2\/media?parent=103343"}],"wp:term":[{"taxonomy":"product_brand","embeddable":true,"href":"https:\/\/promis.ro\/ro\/wp-json\/wp\/v2\/product_brand?post=103343"},{"taxonomy":"product_cat","embeddable":true,"href":"https:\/\/promis.ro\/ro\/wp-json\/wp\/v2\/product_cat?post=103343"},{"taxonomy":"product_tag","embeddable":true,"href":"https:\/\/promis.ro\/ro\/wp-json\/wp\/v2\/product_tag?post=103343"}],"curies":[{"name":"wp","href":"https:\/\/api.w.org\/{rel}","templated":true}]}}