{"id":103344,"date":"2025-11-05T00:32:19","date_gmt":"2025-11-05T00:32:19","guid":{"rendered":"https:\/\/promis.ro\/product\/vanzox\/"},"modified":"2025-11-11T19:50:53","modified_gmt":"2025-11-11T19:50:53","slug":"vanzox","status":"publish","type":"product","link":"https:\/\/promis.ro\/ro\/produs\/vanzox\/","title":{"rendered":"Vanzox"},"content":{"rendered":"<p>Pereche sport de m\u0103nu\u0219i realizate din poliester rezistent \u0219i lycra. \u00centr-un design bicolor, cu baz\u0103 de culoare neagr\u0103 \u0219i detalii \u00een culori contrastante. Grip pe palm\u0103 \u0219i func\u021bie tactil\u0103 \u00een degetele ar\u0103t\u0103toare \u0219i \u00een degete mari. Talla unic\u0103 pentru adul\u021bi.<\/p>","protected":false},"excerpt":{"rendered":"<p>Pereche sport de m\u0103nu\u0219i realizate din poliester rezistent \u0219i lycra. \u00centr-un design bicolor, cu baz\u0103 de culoare neagr\u0103 \u0219i detalii<\/p>","protected":false},"featured_media":153434,"comment_status":"open","ping_status":"closed","template":"","meta":[],"product_brand":[],"product_cat":[193],"product_tag":[],"class_list":{"0":"post-103344","1":"product","2":"type-product","3":"status-publish","4":"has-post-thumbnail","6":"product_cat-ploaie-si-frig","8":"first","9":"instock","10":"shipping-taxable","11":"purchasable","12":"product-type-variable"},"_links":{"self":[{"href":"https:\/\/promis.ro\/ro\/wp-json\/wp\/v2\/product\/103344","targetHints":{"allow":["GET"]}}],"collection":[{"href":"https:\/\/promis.ro\/ro\/wp-json\/wp\/v2\/product"}],"about":[{"href":"https:\/\/promis.ro\/ro\/wp-json\/wp\/v2\/types\/product"}],"replies":[{"embeddable":true,"href":"https:\/\/promis.ro\/ro\/wp-json\/wp\/v2\/comments?post=103344"}],"version-history":[{"count":1,"href":"https:\/\/promis.ro\/ro\/wp-json\/wp\/v2\/product\/103344\/revisions"}],"predecessor-version":[{"id":113600,"href":"https:\/\/promis.ro\/ro\/wp-json\/wp\/v2\/product\/103344\/revisions\/113600"}],"wp:featuredmedia":[{"embeddable":true,"href":"https:\/\/promis.ro\/ro\/wp-json\/wp\/v2\/media\/153434"}],"wp:attachment":[{"href":"https:\/\/promis.ro\/ro\/wp-json\/wp\/v2\/media?parent=103344"}],"wp:term":[{"taxonomy":"product_brand","embeddable":true,"href":"https:\/\/promis.ro\/ro\/wp-json\/wp\/v2\/product_brand?post=103344"},{"taxonomy":"product_cat","embeddable":true,"href":"https:\/\/promis.ro\/ro\/wp-json\/wp\/v2\/product_cat?post=103344"},{"taxonomy":"product_tag","embeddable":true,"href":"https:\/\/promis.ro\/ro\/wp-json\/wp\/v2\/product_tag?post=103344"}],"curies":[{"name":"wp","href":"https:\/\/api.w.org\/{rel}","templated":true}]}}