{"id":103346,"date":"2025-11-05T00:32:20","date_gmt":"2025-11-05T00:32:20","guid":{"rendered":"https:\/\/promis.ro\/product\/bayalax\/"},"modified":"2025-11-11T19:51:14","modified_gmt":"2025-11-11T19:51:14","slug":"bayalax","status":"publish","type":"product","link":"https:\/\/promis.ro\/ro\/produs\/bayalax\/","title":{"rendered":"Bayalax"},"content":{"rendered":"<p>Prosop din microfibr\u0103 ultra absorbant \u00een dimensiune XXL -90x170cm- \u0219i \u021bes\u0103tur\u0103 de \u00eenalt\u0103 calitate -310g\/m2-. Disponibil \u00eentr-o gam\u0103 larg\u0103 de culori, cu culoarea alb\u0103 special conceput\u0103 pentru imprimarea prin sublimare.<\/p>","protected":false},"excerpt":{"rendered":"<p>Prosop din microfibr\u0103 ultra absorbant \u00een dimensiune XXL -90x170cm- \u0219i \u021bes\u0103tur\u0103 de \u00eenalt\u0103 calitate -310g\/m2-. Disponibil \u00eentr-o gam\u0103 larg\u0103 de<\/p>","protected":false},"featured_media":153438,"comment_status":"open","ping_status":"closed","template":"","meta":[],"product_brand":[],"product_cat":[190],"product_tag":[],"class_list":{"0":"post-103346","1":"product","2":"type-product","3":"status-publish","4":"has-post-thumbnail","6":"product_cat-linia-de-sublimare","8":"first","9":"instock","10":"shipping-taxable","11":"purchasable","12":"product-type-variable"},"_links":{"self":[{"href":"https:\/\/promis.ro\/ro\/wp-json\/wp\/v2\/product\/103346","targetHints":{"allow":["GET"]}}],"collection":[{"href":"https:\/\/promis.ro\/ro\/wp-json\/wp\/v2\/product"}],"about":[{"href":"https:\/\/promis.ro\/ro\/wp-json\/wp\/v2\/types\/product"}],"replies":[{"embeddable":true,"href":"https:\/\/promis.ro\/ro\/wp-json\/wp\/v2\/comments?post=103346"}],"version-history":[{"count":1,"href":"https:\/\/promis.ro\/ro\/wp-json\/wp\/v2\/product\/103346\/revisions"}],"predecessor-version":[{"id":113590,"href":"https:\/\/promis.ro\/ro\/wp-json\/wp\/v2\/product\/103346\/revisions\/113590"}],"wp:featuredmedia":[{"embeddable":true,"href":"https:\/\/promis.ro\/ro\/wp-json\/wp\/v2\/media\/153438"}],"wp:attachment":[{"href":"https:\/\/promis.ro\/ro\/wp-json\/wp\/v2\/media?parent=103346"}],"wp:term":[{"taxonomy":"product_brand","embeddable":true,"href":"https:\/\/promis.ro\/ro\/wp-json\/wp\/v2\/product_brand?post=103346"},{"taxonomy":"product_cat","embeddable":true,"href":"https:\/\/promis.ro\/ro\/wp-json\/wp\/v2\/product_cat?post=103346"},{"taxonomy":"product_tag","embeddable":true,"href":"https:\/\/promis.ro\/ro\/wp-json\/wp\/v2\/product_tag?post=103346"}],"curies":[{"name":"wp","href":"https:\/\/api.w.org\/{rel}","templated":true}]}}