{"id":103349,"date":"2025-11-05T00:32:22","date_gmt":"2025-11-05T00:32:22","guid":{"rendered":"https:\/\/promis.ro\/product\/leychan\/"},"modified":"2025-11-11T19:40:41","modified_gmt":"2025-11-11T19:40:41","slug":"leychan","status":"publish","type":"product","link":"https:\/\/promis.ro\/ro\/produs\/leychan\/","title":{"rendered":"Leychan"},"content":{"rendered":"<p>Ochelari de soare trendy cu ram\u0103 din material asem\u0103n\u0103tor lemnului \u0219i disponibili \u00eentr-o gam\u0103 larg\u0103 de culori. Protec\u021bie UV400, cu lentile inteligente, fumurii.<\/p>","protected":false},"excerpt":{"rendered":"<p>Ochelari de soare trendy cu ram\u0103 din material asem\u0103n\u0103tor lemnului \u0219i disponibili \u00eentr-o gam\u0103 larg\u0103 de culori. Protec\u021bie UV400, cu<\/p>","protected":false},"featured_media":153452,"comment_status":"open","ping_status":"closed","template":"","meta":[],"product_brand":[],"product_cat":[188],"product_tag":[],"class_list":{"0":"post-103349","1":"product","2":"type-product","3":"status-publish","4":"has-post-thumbnail","6":"product_cat-vara-si-plaja","8":"first","9":"instock","10":"shipping-taxable","11":"purchasable","12":"product-type-simple"},"_links":{"self":[{"href":"https:\/\/promis.ro\/ro\/wp-json\/wp\/v2\/product\/103349","targetHints":{"allow":["GET"]}}],"collection":[{"href":"https:\/\/promis.ro\/ro\/wp-json\/wp\/v2\/product"}],"about":[{"href":"https:\/\/promis.ro\/ro\/wp-json\/wp\/v2\/types\/product"}],"replies":[{"embeddable":true,"href":"https:\/\/promis.ro\/ro\/wp-json\/wp\/v2\/comments?post=103349"}],"version-history":[{"count":1,"href":"https:\/\/promis.ro\/ro\/wp-json\/wp\/v2\/product\/103349\/revisions"}],"predecessor-version":[{"id":113596,"href":"https:\/\/promis.ro\/ro\/wp-json\/wp\/v2\/product\/103349\/revisions\/113596"}],"wp:featuredmedia":[{"embeddable":true,"href":"https:\/\/promis.ro\/ro\/wp-json\/wp\/v2\/media\/153452"}],"wp:attachment":[{"href":"https:\/\/promis.ro\/ro\/wp-json\/wp\/v2\/media?parent=103349"}],"wp:term":[{"taxonomy":"product_brand","embeddable":true,"href":"https:\/\/promis.ro\/ro\/wp-json\/wp\/v2\/product_brand?post=103349"},{"taxonomy":"product_cat","embeddable":true,"href":"https:\/\/promis.ro\/ro\/wp-json\/wp\/v2\/product_cat?post=103349"},{"taxonomy":"product_tag","embeddable":true,"href":"https:\/\/promis.ro\/ro\/wp-json\/wp\/v2\/product_tag?post=103349"}],"curies":[{"name":"wp","href":"https:\/\/api.w.org\/{rel}","templated":true}]}}