{"id":103351,"date":"2025-11-05T00:32:23","date_gmt":"2025-11-05T00:32:23","guid":{"rendered":"https:\/\/promis.ro\/product\/alfil\/"},"modified":"2025-11-11T19:51:07","modified_gmt":"2025-11-11T19:51:07","slug":"alfil","status":"publish","type":"product","link":"https:\/\/promis.ro\/ro\/produs\/alfil\/","title":{"rendered":"Alfil"},"content":{"rendered":"<p>Pix cu bil\u0103 cu mecanism de r\u0103sucire \u0219i corp cu finisaj metalic neted. Clip cromat. Disponibil \u00eentr-o gam\u0103 larg\u0103 de culori. Cerneal\u0103 albastr\u0103.<\/p>","protected":false},"excerpt":{"rendered":"<p>Pix cu bil\u0103 cu mecanism de r\u0103sucire \u0219i corp cu finisaj metalic neted. Clip cromat. Disponibil \u00eentr-o gam\u0103 larg\u0103 de<\/p>","protected":false},"featured_media":153460,"comment_status":"open","ping_status":"closed","template":"","meta":[],"product_brand":[],"product_cat":[175],"product_tag":[],"class_list":{"0":"post-103351","1":"product","2":"type-product","3":"status-publish","4":"has-post-thumbnail","6":"product_cat-scris","8":"first","9":"instock","10":"shipping-taxable","11":"purchasable","12":"product-type-variable"},"_links":{"self":[{"href":"https:\/\/promis.ro\/ro\/wp-json\/wp\/v2\/product\/103351","targetHints":{"allow":["GET"]}}],"collection":[{"href":"https:\/\/promis.ro\/ro\/wp-json\/wp\/v2\/product"}],"about":[{"href":"https:\/\/promis.ro\/ro\/wp-json\/wp\/v2\/types\/product"}],"replies":[{"embeddable":true,"href":"https:\/\/promis.ro\/ro\/wp-json\/wp\/v2\/comments?post=103351"}],"version-history":[{"count":1,"href":"https:\/\/promis.ro\/ro\/wp-json\/wp\/v2\/product\/103351\/revisions"}],"predecessor-version":[{"id":113601,"href":"https:\/\/promis.ro\/ro\/wp-json\/wp\/v2\/product\/103351\/revisions\/113601"}],"wp:featuredmedia":[{"embeddable":true,"href":"https:\/\/promis.ro\/ro\/wp-json\/wp\/v2\/media\/153460"}],"wp:attachment":[{"href":"https:\/\/promis.ro\/ro\/wp-json\/wp\/v2\/media?parent=103351"}],"wp:term":[{"taxonomy":"product_brand","embeddable":true,"href":"https:\/\/promis.ro\/ro\/wp-json\/wp\/v2\/product_brand?post=103351"},{"taxonomy":"product_cat","embeddable":true,"href":"https:\/\/promis.ro\/ro\/wp-json\/wp\/v2\/product_cat?post=103351"},{"taxonomy":"product_tag","embeddable":true,"href":"https:\/\/promis.ro\/ro\/wp-json\/wp\/v2\/product_tag?post=103351"}],"curies":[{"name":"wp","href":"https:\/\/api.w.org\/{rel}","templated":true}]}}