{"id":103352,"date":"2025-11-05T00:32:28","date_gmt":"2025-11-05T00:32:28","guid":{"rendered":"https:\/\/promis.ro\/product\/velmont\/"},"modified":"2025-11-11T19:40:57","modified_gmt":"2025-11-11T19:40:57","slug":"velmont","status":"publish","type":"product","link":"https:\/\/promis.ro\/ro\/produs\/velmont\/","title":{"rendered":"Velmont"},"content":{"rendered":"<p>Blocnotes interactiv cu paiete \u00een culori metalice atr\u0103g\u0103toare. C\u00e2nd \u00ee\u021bi glisezi degetul pe suprafa\u021b\u0103, culoarea se schimb\u0103. Include 80 de foi albe simple.<\/p>","protected":false},"excerpt":{"rendered":"<p>Blocnotes interactiv cu paiete \u00een culori metalice atr\u0103g\u0103toare. C\u00e2nd \u00ee\u021bi glisezi degetul pe suprafa\u021b\u0103, culoarea se schimb\u0103. Include 80 de<\/p>","protected":false},"featured_media":153464,"comment_status":"open","ping_status":"closed","template":"","meta":[],"product_brand":[],"product_cat":[171],"product_tag":[],"class_list":{"0":"post-103352","1":"product","2":"type-product","3":"status-publish","4":"has-post-thumbnail","6":"product_cat-birou-si-business","8":"first","9":"outofstock","10":"shipping-taxable","11":"purchasable","12":"product-type-simple"},"_links":{"self":[{"href":"https:\/\/promis.ro\/ro\/wp-json\/wp\/v2\/product\/103352","targetHints":{"allow":["GET"]}}],"collection":[{"href":"https:\/\/promis.ro\/ro\/wp-json\/wp\/v2\/product"}],"about":[{"href":"https:\/\/promis.ro\/ro\/wp-json\/wp\/v2\/types\/product"}],"replies":[{"embeddable":true,"href":"https:\/\/promis.ro\/ro\/wp-json\/wp\/v2\/comments?post=103352"}],"version-history":[{"count":1,"href":"https:\/\/promis.ro\/ro\/wp-json\/wp\/v2\/product\/103352\/revisions"}],"predecessor-version":[{"id":113595,"href":"https:\/\/promis.ro\/ro\/wp-json\/wp\/v2\/product\/103352\/revisions\/113595"}],"wp:featuredmedia":[{"embeddable":true,"href":"https:\/\/promis.ro\/ro\/wp-json\/wp\/v2\/media\/153464"}],"wp:attachment":[{"href":"https:\/\/promis.ro\/ro\/wp-json\/wp\/v2\/media?parent=103352"}],"wp:term":[{"taxonomy":"product_brand","embeddable":true,"href":"https:\/\/promis.ro\/ro\/wp-json\/wp\/v2\/product_brand?post=103352"},{"taxonomy":"product_cat","embeddable":true,"href":"https:\/\/promis.ro\/ro\/wp-json\/wp\/v2\/product_cat?post=103352"},{"taxonomy":"product_tag","embeddable":true,"href":"https:\/\/promis.ro\/ro\/wp-json\/wp\/v2\/product_tag?post=103352"}],"curies":[{"name":"wp","href":"https:\/\/api.w.org\/{rel}","templated":true}]}}