{"id":103353,"date":"2025-11-05T00:32:28","date_gmt":"2025-11-05T00:32:28","guid":{"rendered":"https:\/\/promis.ro\/product\/bracyn\/"},"modified":"2025-11-11T19:51:24","modified_gmt":"2025-11-11T19:51:24","slug":"bracyn","status":"publish","type":"product","link":"https:\/\/promis.ro\/ro\/produs\/bracyn\/","title":{"rendered":"Bracyn"},"content":{"rendered":"<p>Geant\u0103 de frumuse\u021be multifunc\u021bional\u0103 din material PVC rezistent, combin\u00e2nd materiale transparente \u0219i translucide. Disponibil\u0103 \u00een tonuri str\u0103lucitoare cu \u00eenchidere cu fermoar de culoare asortat\u0103.<\/p>","protected":false},"excerpt":{"rendered":"<p>Geant\u0103 de frumuse\u021be multifunc\u021bional\u0103 din material PVC rezistent, combin\u00e2nd materiale transparente \u0219i translucide. Disponibil\u0103 \u00een tonuri str\u0103lucitoare cu \u00eenchidere cu<\/p>","protected":false},"featured_media":153469,"comment_status":"open","ping_status":"closed","template":"","meta":[],"product_brand":[],"product_cat":[201],"product_tag":[],"class_list":{"0":"post-103353","1":"product","2":"type-product","3":"status-publish","4":"has-post-thumbnail","6":"product_cat-outlet","8":"first","9":"outofstock","10":"shipping-taxable","11":"purchasable","12":"product-type-variable"},"_links":{"self":[{"href":"https:\/\/promis.ro\/ro\/wp-json\/wp\/v2\/product\/103353","targetHints":{"allow":["GET"]}}],"collection":[{"href":"https:\/\/promis.ro\/ro\/wp-json\/wp\/v2\/product"}],"about":[{"href":"https:\/\/promis.ro\/ro\/wp-json\/wp\/v2\/types\/product"}],"replies":[{"embeddable":true,"href":"https:\/\/promis.ro\/ro\/wp-json\/wp\/v2\/comments?post=103353"}],"version-history":[{"count":1,"href":"https:\/\/promis.ro\/ro\/wp-json\/wp\/v2\/product\/103353\/revisions"}],"predecessor-version":[{"id":113594,"href":"https:\/\/promis.ro\/ro\/wp-json\/wp\/v2\/product\/103353\/revisions\/113594"}],"wp:featuredmedia":[{"embeddable":true,"href":"https:\/\/promis.ro\/ro\/wp-json\/wp\/v2\/media\/153469"}],"wp:attachment":[{"href":"https:\/\/promis.ro\/ro\/wp-json\/wp\/v2\/media?parent=103353"}],"wp:term":[{"taxonomy":"product_brand","embeddable":true,"href":"https:\/\/promis.ro\/ro\/wp-json\/wp\/v2\/product_brand?post=103353"},{"taxonomy":"product_cat","embeddable":true,"href":"https:\/\/promis.ro\/ro\/wp-json\/wp\/v2\/product_cat?post=103353"},{"taxonomy":"product_tag","embeddable":true,"href":"https:\/\/promis.ro\/ro\/wp-json\/wp\/v2\/product_tag?post=103353"}],"curies":[{"name":"wp","href":"https:\/\/api.w.org\/{rel}","templated":true}]}}