{"id":103355,"date":"2025-11-05T00:32:30","date_gmt":"2025-11-05T00:32:30","guid":{"rendered":"https:\/\/promis.ro\/product\/baloyn\/"},"modified":"2025-11-11T19:51:03","modified_gmt":"2025-11-11T19:51:03","slug":"baloyn","status":"publish","type":"product","link":"https:\/\/promis.ro\/ro\/produs\/baloyn\/","title":{"rendered":"Baloyn"},"content":{"rendered":"<p>Bol pentru animale de companie pliabil din material TPR rezistent. Conceput pentru solide \u0219i lichide, cu o capacitate de 450ml \u0219i carabin\u0103 metalic\u0103 de culoare asortat\u0103. Disponibil \u00eentr-o gam\u0103 larg\u0103 de culori.<\/p>","protected":false},"excerpt":{"rendered":"<p>Bol pentru animale de companie pliabil din material TPR rezistent. Conceput pentru solide \u0219i lichide, cu o capacitate de 450ml<\/p>","protected":false},"featured_media":153476,"comment_status":"open","ping_status":"closed","template":"","meta":[],"product_brand":[],"product_cat":[183],"product_tag":[],"class_list":{"0":"post-103355","1":"product","2":"type-product","3":"status-publish","4":"has-post-thumbnail","6":"product_cat-produse-pentru-animale","8":"first","9":"instock","10":"shipping-taxable","11":"purchasable","12":"product-type-variable"},"_links":{"self":[{"href":"https:\/\/promis.ro\/ro\/wp-json\/wp\/v2\/product\/103355","targetHints":{"allow":["GET"]}}],"collection":[{"href":"https:\/\/promis.ro\/ro\/wp-json\/wp\/v2\/product"}],"about":[{"href":"https:\/\/promis.ro\/ro\/wp-json\/wp\/v2\/types\/product"}],"replies":[{"embeddable":true,"href":"https:\/\/promis.ro\/ro\/wp-json\/wp\/v2\/comments?post=103355"}],"version-history":[{"count":1,"href":"https:\/\/promis.ro\/ro\/wp-json\/wp\/v2\/product\/103355\/revisions"}],"predecessor-version":[{"id":113604,"href":"https:\/\/promis.ro\/ro\/wp-json\/wp\/v2\/product\/103355\/revisions\/113604"}],"wp:featuredmedia":[{"embeddable":true,"href":"https:\/\/promis.ro\/ro\/wp-json\/wp\/v2\/media\/153476"}],"wp:attachment":[{"href":"https:\/\/promis.ro\/ro\/wp-json\/wp\/v2\/media?parent=103355"}],"wp:term":[{"taxonomy":"product_brand","embeddable":true,"href":"https:\/\/promis.ro\/ro\/wp-json\/wp\/v2\/product_brand?post=103355"},{"taxonomy":"product_cat","embeddable":true,"href":"https:\/\/promis.ro\/ro\/wp-json\/wp\/v2\/product_cat?post=103355"},{"taxonomy":"product_tag","embeddable":true,"href":"https:\/\/promis.ro\/ro\/wp-json\/wp\/v2\/product_tag?post=103355"}],"curies":[{"name":"wp","href":"https:\/\/api.w.org\/{rel}","templated":true}]}}