{"id":103356,"date":"2025-11-05T00:32:30","date_gmt":"2025-11-05T00:32:30","guid":{"rendered":"https:\/\/promis.ro\/product\/poznan\/"},"modified":"2025-11-11T19:51:26","modified_gmt":"2025-11-11T19:51:26","slug":"poznan","status":"publish","type":"product","link":"https:\/\/promis.ro\/ro\/produs\/poznan\/","title":{"rendered":"Poznan"},"content":{"rendered":"<p>Geant\u0103 din material ne\u021besut cu laminare \u0219i finisaj metalic. Disponibil\u0103 \u00een culorile aurie, argintie \u0219i roz aurit. Cu dimensiuni medii, 42 cm, m\u00e2nere \u00eent\u0103rite. Finisaj prin sudare la cald, cu p\u0103r\u021bi laterale \u00eent\u0103rite \u0219i piping. Rezisten\u021b\u0103 de p\u00e2n\u0103 la 7 kg greutate.<\/p>","protected":false},"excerpt":{"rendered":"<p>Geant\u0103 din material ne\u021besut cu laminare \u0219i finisaj metalic. Disponibil\u0103 \u00een culorile aurie, argintie \u0219i roz aurit. Cu dimensiuni medii,<\/p>","protected":false},"featured_media":153481,"comment_status":"open","ping_status":"closed","template":"","meta":[],"product_brand":[],"product_cat":[174],"product_tag":[],"class_list":{"0":"post-103356","1":"product","2":"type-product","3":"status-publish","4":"has-post-thumbnail","6":"product_cat-pungi","8":"first","9":"instock","10":"shipping-taxable","11":"purchasable","12":"product-type-variable"},"_links":{"self":[{"href":"https:\/\/promis.ro\/ro\/wp-json\/wp\/v2\/product\/103356","targetHints":{"allow":["GET"]}}],"collection":[{"href":"https:\/\/promis.ro\/ro\/wp-json\/wp\/v2\/product"}],"about":[{"href":"https:\/\/promis.ro\/ro\/wp-json\/wp\/v2\/types\/product"}],"replies":[{"embeddable":true,"href":"https:\/\/promis.ro\/ro\/wp-json\/wp\/v2\/comments?post=103356"}],"version-history":[{"count":1,"href":"https:\/\/promis.ro\/ro\/wp-json\/wp\/v2\/product\/103356\/revisions"}],"predecessor-version":[{"id":113613,"href":"https:\/\/promis.ro\/ro\/wp-json\/wp\/v2\/product\/103356\/revisions\/113613"}],"wp:featuredmedia":[{"embeddable":true,"href":"https:\/\/promis.ro\/ro\/wp-json\/wp\/v2\/media\/153481"}],"wp:attachment":[{"href":"https:\/\/promis.ro\/ro\/wp-json\/wp\/v2\/media?parent=103356"}],"wp:term":[{"taxonomy":"product_brand","embeddable":true,"href":"https:\/\/promis.ro\/ro\/wp-json\/wp\/v2\/product_brand?post=103356"},{"taxonomy":"product_cat","embeddable":true,"href":"https:\/\/promis.ro\/ro\/wp-json\/wp\/v2\/product_cat?post=103356"},{"taxonomy":"product_tag","embeddable":true,"href":"https:\/\/promis.ro\/ro\/wp-json\/wp\/v2\/product_tag?post=103356"}],"curies":[{"name":"wp","href":"https:\/\/api.w.org\/{rel}","templated":true}]}}