{"id":103357,"date":"2025-11-05T00:32:31","date_gmt":"2025-11-05T00:32:31","guid":{"rendered":"https:\/\/promis.ro\/product\/bodley\/"},"modified":"2025-11-11T19:51:26","modified_gmt":"2025-11-11T19:51:26","slug":"bodley","status":"publish","type":"product","link":"https:\/\/promis.ro\/ro\/produs\/bodley\/","title":{"rendered":"Bodley"},"content":{"rendered":"<p>Blocnotes din piele PU \u00een culori metalice atr\u0103g\u0103toare. Disponibil \u00een culori aurii, argintii \u0219i roz auriu. Cu coper\u021bi rigide, band\u0103 elastic\u0103 \u0219i marcator din \u021bes\u0103tur\u0103 \u00een culori asortate. Include 80 de foi simple cu finisaj kraft.<\/p>","protected":false},"excerpt":{"rendered":"<p>Blocnotes din piele PU \u00een culori metalice atr\u0103g\u0103toare. Disponibil \u00een culori aurii, argintii \u0219i roz auriu. Cu coper\u021bi rigide, band\u0103<\/p>","protected":false},"featured_media":153482,"comment_status":"open","ping_status":"closed","template":"","meta":[],"product_brand":[],"product_cat":[171],"product_tag":[],"class_list":{"0":"post-103357","1":"product","2":"type-product","3":"status-publish","4":"has-post-thumbnail","6":"product_cat-birou-si-business","8":"first","9":"instock","10":"shipping-taxable","11":"purchasable","12":"product-type-variable"},"_links":{"self":[{"href":"https:\/\/promis.ro\/ro\/wp-json\/wp\/v2\/product\/103357","targetHints":{"allow":["GET"]}}],"collection":[{"href":"https:\/\/promis.ro\/ro\/wp-json\/wp\/v2\/product"}],"about":[{"href":"https:\/\/promis.ro\/ro\/wp-json\/wp\/v2\/types\/product"}],"replies":[{"embeddable":true,"href":"https:\/\/promis.ro\/ro\/wp-json\/wp\/v2\/comments?post=103357"}],"version-history":[{"count":1,"href":"https:\/\/promis.ro\/ro\/wp-json\/wp\/v2\/product\/103357\/revisions"}],"predecessor-version":[{"id":113608,"href":"https:\/\/promis.ro\/ro\/wp-json\/wp\/v2\/product\/103357\/revisions\/113608"}],"wp:featuredmedia":[{"embeddable":true,"href":"https:\/\/promis.ro\/ro\/wp-json\/wp\/v2\/media\/153482"}],"wp:attachment":[{"href":"https:\/\/promis.ro\/ro\/wp-json\/wp\/v2\/media?parent=103357"}],"wp:term":[{"taxonomy":"product_brand","embeddable":true,"href":"https:\/\/promis.ro\/ro\/wp-json\/wp\/v2\/product_brand?post=103357"},{"taxonomy":"product_cat","embeddable":true,"href":"https:\/\/promis.ro\/ro\/wp-json\/wp\/v2\/product_cat?post=103357"},{"taxonomy":"product_tag","embeddable":true,"href":"https:\/\/promis.ro\/ro\/wp-json\/wp\/v2\/product_tag?post=103357"}],"curies":[{"name":"wp","href":"https:\/\/api.w.org\/{rel}","templated":true}]}}