{"id":103358,"date":"2025-11-05T00:32:32","date_gmt":"2025-11-05T00:32:32","guid":{"rendered":"https:\/\/promis.ro\/product\/miffet\/"},"modified":"2025-11-11T19:51:21","modified_gmt":"2025-11-11T19:51:21","slug":"miffet","status":"publish","type":"product","link":"https:\/\/promis.ro\/ro\/produs\/miffet\/","title":{"rendered":"Miffet"},"content":{"rendered":"<p>Creion din lemn cu design de Cr\u0103ciun, de culoare alb\u0103 \u0219i finisaj lucios. Cu corp rotund \u0219i disponibil \u00een diverse modele de Cr\u0103ciun. Mina neagr\u0103 \u0219i v\u00e2rful neascu\u021bit.<\/p>","protected":false},"excerpt":{"rendered":"<p>Creion din lemn cu design de Cr\u0103ciun, de culoare alb\u0103 \u0219i finisaj lucios. Cu corp rotund \u0219i disponibil \u00een diverse<\/p>","protected":false},"featured_media":153487,"comment_status":"open","ping_status":"closed","template":"","meta":[],"product_brand":[],"product_cat":[189],"product_tag":[],"class_list":{"0":"post-103358","1":"product","2":"type-product","3":"status-publish","4":"has-post-thumbnail","6":"product_cat-craciun","8":"first","9":"instock","10":"shipping-taxable","11":"purchasable","12":"product-type-variable"},"_links":{"self":[{"href":"https:\/\/promis.ro\/ro\/wp-json\/wp\/v2\/product\/103358","targetHints":{"allow":["GET"]}}],"collection":[{"href":"https:\/\/promis.ro\/ro\/wp-json\/wp\/v2\/product"}],"about":[{"href":"https:\/\/promis.ro\/ro\/wp-json\/wp\/v2\/types\/product"}],"replies":[{"embeddable":true,"href":"https:\/\/promis.ro\/ro\/wp-json\/wp\/v2\/comments?post=103358"}],"version-history":[{"count":1,"href":"https:\/\/promis.ro\/ro\/wp-json\/wp\/v2\/product\/103358\/revisions"}],"predecessor-version":[{"id":113603,"href":"https:\/\/promis.ro\/ro\/wp-json\/wp\/v2\/product\/103358\/revisions\/113603"}],"wp:featuredmedia":[{"embeddable":true,"href":"https:\/\/promis.ro\/ro\/wp-json\/wp\/v2\/media\/153487"}],"wp:attachment":[{"href":"https:\/\/promis.ro\/ro\/wp-json\/wp\/v2\/media?parent=103358"}],"wp:term":[{"taxonomy":"product_brand","embeddable":true,"href":"https:\/\/promis.ro\/ro\/wp-json\/wp\/v2\/product_brand?post=103358"},{"taxonomy":"product_cat","embeddable":true,"href":"https:\/\/promis.ro\/ro\/wp-json\/wp\/v2\/product_cat?post=103358"},{"taxonomy":"product_tag","embeddable":true,"href":"https:\/\/promis.ro\/ro\/wp-json\/wp\/v2\/product_tag?post=103358"}],"curies":[{"name":"wp","href":"https:\/\/api.w.org\/{rel}","templated":true}]}}