{"id":103361,"date":"2025-11-05T00:32:34","date_gmt":"2025-11-05T00:32:34","guid":{"rendered":"https:\/\/promis.ro\/product\/biltrix\/"},"modified":"2025-11-11T19:41:33","modified_gmt":"2025-11-11T19:41:33","slug":"biltrix","status":"publish","type":"product","link":"https:\/\/promis.ro\/ro\/produs\/biltrix\/","title":{"rendered":"Biltrix"},"content":{"rendered":"<p>Rucsac de afaceri anti-furt, impermeabil, din nailon de \u00eenalt\u0103 calitate, rezistent la t\u0103iere \u0219i uzur\u0103. Buzunar anti-furt la spate pentru obiecte de valoare. Compartiment interior cu ie\u0219ire USB pentru conectarea powerbank-ului -nu este inclus-. Include cablu micro USB de 1 metru lungime pentru confort total la \u00eenc\u0103rcarea oric\u0103rui dispozitiv mobil. Buzunar pentru curea cu acces u\u0219or pentru cardul de transport \u0219i alte documente folosite frecvent. Deschidere total\u0103 de 180\u00ba pentru un acces u\u0219or. 2 compartimente interioare, independente, c\u0103ptu\u0219ite pentru laptopuri de p\u00e2n\u0103 la 15 inci \u0219i tablete de p\u00e2n\u0103 la 10 inci. Gam\u0103 larg\u0103 de buzunare interioare \u0219i exterioare. Curele pentru um\u0103r \u0219i spate cu c\u0103ptu\u0219eal\u0103 ergonomic\u0103.<\/p>","protected":false},"excerpt":{"rendered":"<p>Rucsac de afaceri anti-furt, impermeabil, din nailon de \u00eenalt\u0103 calitate, rezistent la t\u0103iere \u0219i uzur\u0103. Buzunar anti-furt la spate pentru<\/p>","protected":false},"featured_media":153496,"comment_status":"open","ping_status":"closed","template":"","meta":[],"product_brand":[],"product_cat":[169],"product_tag":[],"class_list":{"0":"post-103361","1":"product","2":"type-product","3":"status-publish","4":"has-post-thumbnail","6":"product_cat-ghiozdane","8":"first","9":"outofstock","10":"shipping-taxable","11":"purchasable","12":"product-type-simple"},"_links":{"self":[{"href":"https:\/\/promis.ro\/ro\/wp-json\/wp\/v2\/product\/103361","targetHints":{"allow":["GET"]}}],"collection":[{"href":"https:\/\/promis.ro\/ro\/wp-json\/wp\/v2\/product"}],"about":[{"href":"https:\/\/promis.ro\/ro\/wp-json\/wp\/v2\/types\/product"}],"replies":[{"embeddable":true,"href":"https:\/\/promis.ro\/ro\/wp-json\/wp\/v2\/comments?post=103361"}],"version-history":[{"count":1,"href":"https:\/\/promis.ro\/ro\/wp-json\/wp\/v2\/product\/103361\/revisions"}],"predecessor-version":[{"id":113635,"href":"https:\/\/promis.ro\/ro\/wp-json\/wp\/v2\/product\/103361\/revisions\/113635"}],"wp:featuredmedia":[{"embeddable":true,"href":"https:\/\/promis.ro\/ro\/wp-json\/wp\/v2\/media\/153496"}],"wp:attachment":[{"href":"https:\/\/promis.ro\/ro\/wp-json\/wp\/v2\/media?parent=103361"}],"wp:term":[{"taxonomy":"product_brand","embeddable":true,"href":"https:\/\/promis.ro\/ro\/wp-json\/wp\/v2\/product_brand?post=103361"},{"taxonomy":"product_cat","embeddable":true,"href":"https:\/\/promis.ro\/ro\/wp-json\/wp\/v2\/product_cat?post=103361"},{"taxonomy":"product_tag","embeddable":true,"href":"https:\/\/promis.ro\/ro\/wp-json\/wp\/v2\/product_tag?post=103361"}],"curies":[{"name":"wp","href":"https:\/\/api.w.org\/{rel}","templated":true}]}}