{"id":103362,"date":"2025-11-05T00:32:34","date_gmt":"2025-11-05T00:32:34","guid":{"rendered":"https:\/\/promis.ro\/product\/lenbal\/"},"modified":"2025-11-11T19:41:43","modified_gmt":"2025-11-11T19:41:43","slug":"lenbal","status":"publish","type":"product","link":"https:\/\/promis.ro\/ro\/produs\/lenbal\/","title":{"rendered":"Lenbal"},"content":{"rendered":"<p>Mouse optic wireless. Design pliabil \u0219i ergonomic, \u00een culori \u00eendr\u0103zne\u021be. Prezentat \u00eentr-o cutie individual\u0103. Alimentat cu baterii: 2xAAA neincluse.<\/p>","protected":false},"excerpt":{"rendered":"<p>Mouse optic wireless. Design pliabil \u0219i ergonomic, \u00een culori \u00eendr\u0103zne\u021be. Prezentat \u00eentr-o cutie individual\u0103. Alimentat cu baterii: 2xAAA neincluse.<\/p>","protected":false},"featured_media":153498,"comment_status":"open","ping_status":"closed","template":"","meta":[],"product_brand":[],"product_cat":[170],"product_tag":[],"class_list":{"0":"post-103362","1":"product","2":"type-product","3":"status-publish","4":"has-post-thumbnail","6":"product_cat-tehnologie-si-accesorii","8":"first","9":"instock","10":"shipping-taxable","11":"purchasable","12":"product-type-simple"},"_links":{"self":[{"href":"https:\/\/promis.ro\/ro\/wp-json\/wp\/v2\/product\/103362","targetHints":{"allow":["GET"]}}],"collection":[{"href":"https:\/\/promis.ro\/ro\/wp-json\/wp\/v2\/product"}],"about":[{"href":"https:\/\/promis.ro\/ro\/wp-json\/wp\/v2\/types\/product"}],"replies":[{"embeddable":true,"href":"https:\/\/promis.ro\/ro\/wp-json\/wp\/v2\/comments?post=103362"}],"version-history":[{"count":1,"href":"https:\/\/promis.ro\/ro\/wp-json\/wp\/v2\/product\/103362\/revisions"}],"predecessor-version":[{"id":113605,"href":"https:\/\/promis.ro\/ro\/wp-json\/wp\/v2\/product\/103362\/revisions\/113605"}],"wp:featuredmedia":[{"embeddable":true,"href":"https:\/\/promis.ro\/ro\/wp-json\/wp\/v2\/media\/153498"}],"wp:attachment":[{"href":"https:\/\/promis.ro\/ro\/wp-json\/wp\/v2\/media?parent=103362"}],"wp:term":[{"taxonomy":"product_brand","embeddable":true,"href":"https:\/\/promis.ro\/ro\/wp-json\/wp\/v2\/product_brand?post=103362"},{"taxonomy":"product_cat","embeddable":true,"href":"https:\/\/promis.ro\/ro\/wp-json\/wp\/v2\/product_cat?post=103362"},{"taxonomy":"product_tag","embeddable":true,"href":"https:\/\/promis.ro\/ro\/wp-json\/wp\/v2\/product_tag?post=103362"}],"curies":[{"name":"wp","href":"https:\/\/api.w.org\/{rel}","templated":true}]}}