{"id":103363,"date":"2025-11-05T00:32:34","date_gmt":"2025-11-05T00:32:34","guid":{"rendered":"https:\/\/promis.ro\/product\/ranley\/"},"modified":"2025-11-11T19:41:51","modified_gmt":"2025-11-11T19:41:51","slug":"ranley","status":"publish","type":"product","link":"https:\/\/promis.ro\/ro\/produs\/ranley\/","title":{"rendered":"Ranley"},"content":{"rendered":"<p>Rucsac de afaceri anti-furt, impermeabil, din poliester de \u00eenalt\u0103 calitate, rezistent la t\u0103iere \u0219i uzur\u0103. Include un lac\u0103t de securitate cu parol\u0103, o band\u0103 reflectorizant\u0103 \u0219i un accesoriu pentru montarea pe trolley. Compartiment anti-furt la spate pentru obiecte de valoare. Compartiment interior cu ie\u0219ire USB pentru conectarea powerbank-ului -nu este inclus-. Include cablu micro USB de 1 metru lungime pentru confort total \u00een \u00eenc\u0103rcarea oric\u0103rui dispozitiv mobil. Ie\u0219ire pentru c\u0103\u0219ti \u0219i buzunar pentru br\u0103\u021bar\u0103 cu acces u\u0219or pentru cardul de transport \u0219i alte documente folosite frecvent. Deschidere total\u0103 de 180\u00ba pentru un acces u\u0219or. 2 compartimente independente, c\u0103ptu\u0219ite, \u00een interior pentru laptopuri de p\u00e2n\u0103 la 15 inci \u0219i tablete de p\u00e2n\u0103 la 10 inci. Gam\u0103 larg\u0103 de buzunare interioare \u0219i exterioare. Bretele pentru um\u0103r \u0219i spate cu c\u0103ptu\u0219eal\u0103 ergonomic.<\/p>","protected":false},"excerpt":{"rendered":"<p>Rucsac de afaceri anti-furt, impermeabil, din poliester de \u00eenalt\u0103 calitate, rezistent la t\u0103iere \u0219i uzur\u0103. Include un lac\u0103t de securitate<\/p>","protected":false},"featured_media":153503,"comment_status":"open","ping_status":"closed","template":"","meta":[],"product_brand":[],"product_cat":[169],"product_tag":[],"class_list":{"0":"post-103363","1":"product","2":"type-product","3":"status-publish","4":"has-post-thumbnail","6":"product_cat-ghiozdane","8":"first","9":"instock","10":"shipping-taxable","11":"purchasable","12":"product-type-simple"},"_links":{"self":[{"href":"https:\/\/promis.ro\/ro\/wp-json\/wp\/v2\/product\/103363","targetHints":{"allow":["GET"]}}],"collection":[{"href":"https:\/\/promis.ro\/ro\/wp-json\/wp\/v2\/product"}],"about":[{"href":"https:\/\/promis.ro\/ro\/wp-json\/wp\/v2\/types\/product"}],"replies":[{"embeddable":true,"href":"https:\/\/promis.ro\/ro\/wp-json\/wp\/v2\/comments?post=103363"}],"version-history":[{"count":1,"href":"https:\/\/promis.ro\/ro\/wp-json\/wp\/v2\/product\/103363\/revisions"}],"predecessor-version":[{"id":113637,"href":"https:\/\/promis.ro\/ro\/wp-json\/wp\/v2\/product\/103363\/revisions\/113637"}],"wp:featuredmedia":[{"embeddable":true,"href":"https:\/\/promis.ro\/ro\/wp-json\/wp\/v2\/media\/153503"}],"wp:attachment":[{"href":"https:\/\/promis.ro\/ro\/wp-json\/wp\/v2\/media?parent=103363"}],"wp:term":[{"taxonomy":"product_brand","embeddable":true,"href":"https:\/\/promis.ro\/ro\/wp-json\/wp\/v2\/product_brand?post=103363"},{"taxonomy":"product_cat","embeddable":true,"href":"https:\/\/promis.ro\/ro\/wp-json\/wp\/v2\/product_cat?post=103363"},{"taxonomy":"product_tag","embeddable":true,"href":"https:\/\/promis.ro\/ro\/wp-json\/wp\/v2\/product_tag?post=103363"}],"curies":[{"name":"wp","href":"https:\/\/api.w.org\/{rel}","templated":true}]}}