{"id":103364,"date":"2025-11-05T00:32:35","date_gmt":"2025-11-05T00:32:35","guid":{"rendered":"https:\/\/promis.ro\/product\/sopral\/"},"modified":"2025-11-11T19:41:57","modified_gmt":"2025-11-11T19:41:57","slug":"sopral","status":"publish","type":"product","link":"https:\/\/promis.ro\/ro\/produs\/sopral\/","title":{"rendered":"Sopral"},"content":{"rendered":"<p>C\u0103\u0219ti cu conexiune bluetooth \u0219i design minimalist \u00eentr-o culoare alb\u0103 elegant\u0103. Proiectate ergonomic, incluz\u00e2nd un panou de control integrat \u00een cablu \u0219i func\u021bie hands free. Re\u00eenc\u0103rcabile prin cablu mini USB -inclus-. Prezentate \u00eentr-o hus\u0103 rezistent\u0103, individual\u0103, de culoare asortat\u0103, din PU cu \u00eenchidere cu fermoar.<\/p>","protected":false},"excerpt":{"rendered":"<p>C\u0103\u0219ti cu conexiune bluetooth \u0219i design minimalist \u00eentr-o culoare alb\u0103 elegant\u0103. Proiectate ergonomic, incluz\u00e2nd un panou de control integrat \u00een<\/p>","protected":false},"featured_media":153508,"comment_status":"open","ping_status":"closed","template":"","meta":[],"product_brand":[],"product_cat":[170],"product_tag":[],"class_list":{"0":"post-103364","1":"product","2":"type-product","3":"status-publish","4":"has-post-thumbnail","6":"product_cat-tehnologie-si-accesorii","8":"first","9":"outofstock","10":"shipping-taxable","11":"purchasable","12":"product-type-simple"},"_links":{"self":[{"href":"https:\/\/promis.ro\/ro\/wp-json\/wp\/v2\/product\/103364","targetHints":{"allow":["GET"]}}],"collection":[{"href":"https:\/\/promis.ro\/ro\/wp-json\/wp\/v2\/product"}],"about":[{"href":"https:\/\/promis.ro\/ro\/wp-json\/wp\/v2\/types\/product"}],"replies":[{"embeddable":true,"href":"https:\/\/promis.ro\/ro\/wp-json\/wp\/v2\/comments?post=103364"}],"version-history":[{"count":1,"href":"https:\/\/promis.ro\/ro\/wp-json\/wp\/v2\/product\/103364\/revisions"}],"predecessor-version":[{"id":113609,"href":"https:\/\/promis.ro\/ro\/wp-json\/wp\/v2\/product\/103364\/revisions\/113609"}],"wp:featuredmedia":[{"embeddable":true,"href":"https:\/\/promis.ro\/ro\/wp-json\/wp\/v2\/media\/153508"}],"wp:attachment":[{"href":"https:\/\/promis.ro\/ro\/wp-json\/wp\/v2\/media?parent=103364"}],"wp:term":[{"taxonomy":"product_brand","embeddable":true,"href":"https:\/\/promis.ro\/ro\/wp-json\/wp\/v2\/product_brand?post=103364"},{"taxonomy":"product_cat","embeddable":true,"href":"https:\/\/promis.ro\/ro\/wp-json\/wp\/v2\/product_cat?post=103364"},{"taxonomy":"product_tag","embeddable":true,"href":"https:\/\/promis.ro\/ro\/wp-json\/wp\/v2\/product_tag?post=103364"}],"curies":[{"name":"wp","href":"https:\/\/api.w.org\/{rel}","templated":true}]}}