{"id":103365,"date":"2025-11-05T00:32:35","date_gmt":"2025-11-05T00:32:35","guid":{"rendered":"https:\/\/promis.ro\/product\/privek\/"},"modified":"2025-11-11T19:51:07","modified_gmt":"2025-11-11T19:51:07","slug":"privek","status":"publish","type":"product","link":"https:\/\/promis.ro\/ro\/produs\/privek\/","title":{"rendered":"Privek"},"content":{"rendered":"<p>Baterie extern\u0103 auxiliar\u0103 de 2,000 mAh. Cu pad-uri de su\u021binere aderente \u0219i inel\/suport pentru selfie-uri. Inclusiv conexiuni de intrare\/ie\u0219ire micro USB \u0219i USB. Cu indicator de \u00eenc\u0103rcare cu lumini LED, design curbat \u0219i o zon\u0103 de imprimare larg\u0103. Prezentat\u0103 \u00eentr-o cutie individual\u0103, atractiv\u0103, cu design. Capacit\u0103\u021bile afi\u0219ate \u00een toate bateriile noastre externe auxiliare sunt reale, toate incorpor\u00e2nd baterii de grad A, ne-recycle, cu o durat\u0103 de via\u021b\u0103 de cel pu\u021bin 500 de cicluri de \u00eenc\u0103rcare \u0219i conform\u00e2ndu-se reglement\u0103rilor CE. \u00cen plus, acestea sunt fabricate conform standardelor RoHS \u0219i \u00een conformitate cu urm\u0103toarele cerin\u021be de siguran\u021b\u0103: Sistem de protec\u021bie \u00eempotriva supra\u00eenc\u0103rc\u0103rii b\u0103ncii de energie. Sistem complet de protec\u021bie \u00eempotriva desc\u0103rc\u0103rii, care cre\u0219te durabilitatea b\u0103ncii de energie. Sistem de blocare pentru a preveni scurtcircuitele. Sistem constant de transfer de \u00eenc\u0103rcare, \u00een conformitate cu capacitatea dispozitivului \u021bint\u0103.<\/p>","protected":false},"excerpt":{"rendered":"<p>Baterie extern\u0103 auxiliar\u0103 de 2,000 mAh. Cu pad-uri de su\u021binere aderente \u0219i inel\/suport pentru selfie-uri. Inclusiv conexiuni de intrare\/ie\u0219ire micro<\/p>","protected":false},"featured_media":153513,"comment_status":"open","ping_status":"closed","template":"","meta":[],"product_brand":[],"product_cat":[170],"product_tag":[],"class_list":{"0":"post-103365","1":"product","2":"type-product","3":"status-publish","4":"has-post-thumbnail","6":"product_cat-tehnologie-si-accesorii","8":"first","9":"instock","10":"shipping-taxable","11":"purchasable","12":"product-type-variable"},"_links":{"self":[{"href":"https:\/\/promis.ro\/ro\/wp-json\/wp\/v2\/product\/103365","targetHints":{"allow":["GET"]}}],"collection":[{"href":"https:\/\/promis.ro\/ro\/wp-json\/wp\/v2\/product"}],"about":[{"href":"https:\/\/promis.ro\/ro\/wp-json\/wp\/v2\/types\/product"}],"replies":[{"embeddable":true,"href":"https:\/\/promis.ro\/ro\/wp-json\/wp\/v2\/comments?post=103365"}],"version-history":[{"count":1,"href":"https:\/\/promis.ro\/ro\/wp-json\/wp\/v2\/product\/103365\/revisions"}],"predecessor-version":[{"id":113648,"href":"https:\/\/promis.ro\/ro\/wp-json\/wp\/v2\/product\/103365\/revisions\/113648"}],"wp:featuredmedia":[{"embeddable":true,"href":"https:\/\/promis.ro\/ro\/wp-json\/wp\/v2\/media\/153513"}],"wp:attachment":[{"href":"https:\/\/promis.ro\/ro\/wp-json\/wp\/v2\/media?parent=103365"}],"wp:term":[{"taxonomy":"product_brand","embeddable":true,"href":"https:\/\/promis.ro\/ro\/wp-json\/wp\/v2\/product_brand?post=103365"},{"taxonomy":"product_cat","embeddable":true,"href":"https:\/\/promis.ro\/ro\/wp-json\/wp\/v2\/product_cat?post=103365"},{"taxonomy":"product_tag","embeddable":true,"href":"https:\/\/promis.ro\/ro\/wp-json\/wp\/v2\/product_tag?post=103365"}],"curies":[{"name":"wp","href":"https:\/\/api.w.org\/{rel}","templated":true}]}}