{"id":103857,"date":"2025-11-05T00:37:22","date_gmt":"2025-11-05T00:37:22","guid":{"rendered":"https:\/\/promis.ro\/product\/ankaran\/"},"modified":"2025-11-11T20:02:37","modified_gmt":"2025-11-11T20:02:37","slug":"ankaran","status":"publish","type":"product","link":"https:\/\/promis.ro\/ro\/produs\/ankaran\/","title":{"rendered":"Ankaran"},"content":{"rendered":"<p>Evenimente, br\u0103\u021bar\u0103 din fibr\u0103 sintetic\u0103 \u00eentr-o gam\u0103 larg\u0103 de nuan\u021be str\u0103lucitoare. Cu \u00eenchidere adeziv\u0103, rezistent\u0103 la ap\u0103 \u0219i prezentat\u0103 \u00een 10 buc\u0103\u021bi pe foaie t\u0103iat\u0103 la dimensiune cu numerotare individual\u0103.<\/p>","protected":false},"excerpt":{"rendered":"<p>Evenimente, br\u0103\u021bar\u0103 din fibr\u0103 sintetic\u0103 \u00eentr-o gam\u0103 larg\u0103 de nuan\u021be str\u0103lucitoare. Cu \u00eenchidere adeziv\u0103, rezistent\u0103 la ap\u0103 \u0219i prezentat\u0103 \u00een<\/p>","protected":false},"featured_media":155434,"comment_status":"open","ping_status":"closed","template":"","meta":[],"product_brand":[],"product_cat":[187],"product_tag":[],"class_list":{"0":"post-103857","1":"product","2":"type-product","3":"status-publish","4":"has-post-thumbnail","6":"product_cat-evenimente-si-petreceri","8":"first","9":"instock","10":"shipping-taxable","11":"purchasable","12":"product-type-variable"},"_links":{"self":[{"href":"https:\/\/promis.ro\/ro\/wp-json\/wp\/v2\/product\/103857","targetHints":{"allow":["GET"]}}],"collection":[{"href":"https:\/\/promis.ro\/ro\/wp-json\/wp\/v2\/product"}],"about":[{"href":"https:\/\/promis.ro\/ro\/wp-json\/wp\/v2\/types\/product"}],"replies":[{"embeddable":true,"href":"https:\/\/promis.ro\/ro\/wp-json\/wp\/v2\/comments?post=103857"}],"version-history":[{"count":1,"href":"https:\/\/promis.ro\/ro\/wp-json\/wp\/v2\/product\/103857\/revisions"}],"predecessor-version":[{"id":113734,"href":"https:\/\/promis.ro\/ro\/wp-json\/wp\/v2\/product\/103857\/revisions\/113734"}],"wp:featuredmedia":[{"embeddable":true,"href":"https:\/\/promis.ro\/ro\/wp-json\/wp\/v2\/media\/155434"}],"wp:attachment":[{"href":"https:\/\/promis.ro\/ro\/wp-json\/wp\/v2\/media?parent=103857"}],"wp:term":[{"taxonomy":"product_brand","embeddable":true,"href":"https:\/\/promis.ro\/ro\/wp-json\/wp\/v2\/product_brand?post=103857"},{"taxonomy":"product_cat","embeddable":true,"href":"https:\/\/promis.ro\/ro\/wp-json\/wp\/v2\/product_cat?post=103857"},{"taxonomy":"product_tag","embeddable":true,"href":"https:\/\/promis.ro\/ro\/wp-json\/wp\/v2\/product_tag?post=103857"}],"curies":[{"name":"wp","href":"https:\/\/api.w.org\/{rel}","templated":true}]}}