{"id":103866,"date":"2025-11-05T00:37:27","date_gmt":"2025-11-05T00:37:27","guid":{"rendered":"https:\/\/promis.ro\/product\/vectom\/"},"modified":"2025-11-11T20:01:51","modified_gmt":"2025-11-11T20:01:51","slug":"vectom","status":"publish","type":"product","link":"https:\/\/promis.ro\/ro\/produs\/vectom\/","title":{"rendered":"Vectom"},"content":{"rendered":"<p>Rucsac anti-furt din poliester durabil 300D. Material de \u00eenalt\u0103 calitate, rezistent la t\u0103ieturi \u0219i zg\u00e2rieturi, cu buzunar anti-furt pe spate pentru a stoca obiecte de valoare. Compartimentul principal cu fermoar este echipat cu conexiune pentru powerbank &#8211; nu este inclus &#8211; \u0219i dou\u0103 compartimente interioare separate, c\u0103ptu\u0219ite, pentru laptopuri de p\u00e2n\u0103 la 15&#8243; \u0219i tablete de p\u00e2n\u0103 la 10&#8243;, plus buzunare suplimentare \u00een interior. Dispune de un buzunar exterior frontal cu \u00eenchidere cu fermoar. Confortabil de purtat datorit\u0103 spatelui c\u0103ptu\u0219it \u0219i bretelelor ergonomice, ajustabile. Cu accesoriu pentru montare pe trolley.<\/p>","protected":false},"excerpt":{"rendered":"<p>Rucsac anti-furt din poliester durabil 300D. Material de \u00eenalt\u0103 calitate, rezistent la t\u0103ieturi \u0219i zg\u00e2rieturi, cu buzunar anti-furt pe spate<\/p>","protected":false},"featured_media":155468,"comment_status":"open","ping_status":"closed","template":"","meta":[],"product_brand":[],"product_cat":[169],"product_tag":[],"class_list":{"0":"post-103866","1":"product","2":"type-product","3":"status-publish","4":"has-post-thumbnail","6":"product_cat-ghiozdane","8":"first","9":"instock","10":"shipping-taxable","11":"purchasable","12":"product-type-variable"},"_links":{"self":[{"href":"https:\/\/promis.ro\/ro\/wp-json\/wp\/v2\/product\/103866","targetHints":{"allow":["GET"]}}],"collection":[{"href":"https:\/\/promis.ro\/ro\/wp-json\/wp\/v2\/product"}],"about":[{"href":"https:\/\/promis.ro\/ro\/wp-json\/wp\/v2\/types\/product"}],"replies":[{"embeddable":true,"href":"https:\/\/promis.ro\/ro\/wp-json\/wp\/v2\/comments?post=103866"}],"version-history":[{"count":2,"href":"https:\/\/promis.ro\/ro\/wp-json\/wp\/v2\/product\/103866\/revisions"}],"predecessor-version":[{"id":113755,"href":"https:\/\/promis.ro\/ro\/wp-json\/wp\/v2\/product\/103866\/revisions\/113755"}],"wp:featuredmedia":[{"embeddable":true,"href":"https:\/\/promis.ro\/ro\/wp-json\/wp\/v2\/media\/155468"}],"wp:attachment":[{"href":"https:\/\/promis.ro\/ro\/wp-json\/wp\/v2\/media?parent=103866"}],"wp:term":[{"taxonomy":"product_brand","embeddable":true,"href":"https:\/\/promis.ro\/ro\/wp-json\/wp\/v2\/product_brand?post=103866"},{"taxonomy":"product_cat","embeddable":true,"href":"https:\/\/promis.ro\/ro\/wp-json\/wp\/v2\/product_cat?post=103866"},{"taxonomy":"product_tag","embeddable":true,"href":"https:\/\/promis.ro\/ro\/wp-json\/wp\/v2\/product_tag?post=103866"}],"curies":[{"name":"wp","href":"https:\/\/api.w.org\/{rel}","templated":true}]}}