{"id":103867,"date":"2025-11-05T00:37:28","date_gmt":"2025-11-05T00:37:28","guid":{"rendered":"https:\/\/promis.ro\/product\/tecnic-dinamic\/"},"modified":"2025-11-11T20:02:40","modified_gmt":"2025-11-11T20:02:40","slug":"tecnic-dinamic","status":"publish","type":"product","link":"https:\/\/promis.ro\/ro\/produs\/tecnic-dinamic\/","title":{"rendered":"Tecnic Dinamic"},"content":{"rendered":"<p>Tricou tehnic pentru adul\u021bi din material dinamic, foarte respirabil \u0219i fabricat din \u021bes\u0103tur\u0103 100% poliester de 135g\/m2. Disponibil \u00eentr-o gam\u0103 larg\u0103 de culori \u0219i \u00een dimensiuni S, M, L, XL, XXL.<\/p>","protected":false},"excerpt":{"rendered":"<p>Tricou tehnic pentru adul\u021bi din material dinamic, foarte respirabil \u0219i fabricat din \u021bes\u0103tur\u0103 100% poliester de 135g\/m2. Disponibil \u00eentr-o gam\u0103<\/p>","protected":false},"featured_media":155473,"comment_status":"open","ping_status":"closed","template":"","meta":[],"product_brand":[],"product_cat":[191],"product_tag":[],"class_list":{"0":"post-103867","1":"product","2":"type-product","3":"status-publish","4":"has-post-thumbnail","6":"product_cat-textile","8":"first","9":"instock","10":"shipping-taxable","11":"purchasable","12":"product-type-variable"},"_links":{"self":[{"href":"https:\/\/promis.ro\/ro\/wp-json\/wp\/v2\/product\/103867","targetHints":{"allow":["GET"]}}],"collection":[{"href":"https:\/\/promis.ro\/ro\/wp-json\/wp\/v2\/product"}],"about":[{"href":"https:\/\/promis.ro\/ro\/wp-json\/wp\/v2\/types\/product"}],"replies":[{"embeddable":true,"href":"https:\/\/promis.ro\/ro\/wp-json\/wp\/v2\/comments?post=103867"}],"version-history":[{"count":1,"href":"https:\/\/promis.ro\/ro\/wp-json\/wp\/v2\/product\/103867\/revisions"}],"predecessor-version":[{"id":113747,"href":"https:\/\/promis.ro\/ro\/wp-json\/wp\/v2\/product\/103867\/revisions\/113747"}],"wp:featuredmedia":[{"embeddable":true,"href":"https:\/\/promis.ro\/ro\/wp-json\/wp\/v2\/media\/155473"}],"wp:attachment":[{"href":"https:\/\/promis.ro\/ro\/wp-json\/wp\/v2\/media?parent=103867"}],"wp:term":[{"taxonomy":"product_brand","embeddable":true,"href":"https:\/\/promis.ro\/ro\/wp-json\/wp\/v2\/product_brand?post=103867"},{"taxonomy":"product_cat","embeddable":true,"href":"https:\/\/promis.ro\/ro\/wp-json\/wp\/v2\/product_cat?post=103867"},{"taxonomy":"product_tag","embeddable":true,"href":"https:\/\/promis.ro\/ro\/wp-json\/wp\/v2\/product_tag?post=103867"}],"curies":[{"name":"wp","href":"https:\/\/api.w.org\/{rel}","templated":true}]}}