{"id":103868,"date":"2025-11-05T00:37:29","date_gmt":"2025-11-05T00:37:29","guid":{"rendered":"https:\/\/promis.ro\/product\/tecnic-dinamic-2\/"},"modified":"2025-11-11T20:02:39","modified_gmt":"2025-11-11T20:02:39","slug":"tecnic-dinamic-2","status":"publish","type":"product","link":"https:\/\/promis.ro\/ro\/produs\/tecnic-dinamic-2\/","title":{"rendered":"Tecnic Dinamic"},"content":{"rendered":"<p>Tricou tehnic pentru copii din material dinamic, foarte respirabil \u0219i fabricat din \u021bes\u0103tur\u0103 100% poliester de 125g\/m2. Disponibil \u00eentr-o gam\u0103 larg\u0103 de culori \u0219i \u00een m\u0103rimile 4-5, 6-8, 10-12.<\/p>","protected":false},"excerpt":{"rendered":"<p>Tricou tehnic pentru copii din material dinamic, foarte respirabil \u0219i fabricat din \u021bes\u0103tur\u0103 100% poliester de 125g\/m2. Disponibil \u00eentr-o gam\u0103<\/p>","protected":false},"featured_media":155478,"comment_status":"open","ping_status":"closed","template":"","meta":[],"product_brand":[],"product_cat":[191],"product_tag":[],"class_list":{"0":"post-103868","1":"product","2":"type-product","3":"status-publish","4":"has-post-thumbnail","6":"product_cat-textile","8":"first","9":"instock","10":"shipping-taxable","11":"purchasable","12":"product-type-variable"},"_links":{"self":[{"href":"https:\/\/promis.ro\/ro\/wp-json\/wp\/v2\/product\/103868","targetHints":{"allow":["GET"]}}],"collection":[{"href":"https:\/\/promis.ro\/ro\/wp-json\/wp\/v2\/product"}],"about":[{"href":"https:\/\/promis.ro\/ro\/wp-json\/wp\/v2\/types\/product"}],"replies":[{"embeddable":true,"href":"https:\/\/promis.ro\/ro\/wp-json\/wp\/v2\/comments?post=103868"}],"version-history":[{"count":1,"href":"https:\/\/promis.ro\/ro\/wp-json\/wp\/v2\/product\/103868\/revisions"}],"predecessor-version":[{"id":113735,"href":"https:\/\/promis.ro\/ro\/wp-json\/wp\/v2\/product\/103868\/revisions\/113735"}],"wp:featuredmedia":[{"embeddable":true,"href":"https:\/\/promis.ro\/ro\/wp-json\/wp\/v2\/media\/155478"}],"wp:attachment":[{"href":"https:\/\/promis.ro\/ro\/wp-json\/wp\/v2\/media?parent=103868"}],"wp:term":[{"taxonomy":"product_brand","embeddable":true,"href":"https:\/\/promis.ro\/ro\/wp-json\/wp\/v2\/product_brand?post=103868"},{"taxonomy":"product_cat","embeddable":true,"href":"https:\/\/promis.ro\/ro\/wp-json\/wp\/v2\/product_cat?post=103868"},{"taxonomy":"product_tag","embeddable":true,"href":"https:\/\/promis.ro\/ro\/wp-json\/wp\/v2\/product_tag?post=103868"}],"curies":[{"name":"wp","href":"https:\/\/api.w.org\/{rel}","templated":true}]}}